{"id":13,"date":"2025-07-04T16:03:17","date_gmt":"2025-07-04T16:03:17","guid":{"rendered":"https:\/\/fotograf-sauer.de\/?page_id=13"},"modified":"2025-10-20T12:50:45","modified_gmt":"2025-10-20T12:50:45","slug":"startseite","status":"publish","type":"page","link":"https:\/\/fotograf-sauer.de\/en\/","title":{"rendered":"Startseite"},"content":{"rendered":"<div data-elementor-type=\"wp-page\" data-elementor-id=\"13\" class=\"elementor elementor-13\" data-elementor-post-type=\"page\">\n\t\t\t\t<div class=\"elementor-element elementor-element-5df273e e-con-full main e-flex e-con e-parent\" data-id=\"5df273e\" data-element_type=\"container\" data-settings=\"{&quot;background_background&quot;:&quot;classic&quot;}\">\n\t\t\t\t<div class=\"elementor-element elementor-element-b64f4a3 elementor-widget elementor-widget-spacer\" data-id=\"b64f4a3\" data-element_type=\"widget\" data-widget_type=\"spacer.default\">\n\t\t\t\t\t\t\t<div class=\"elementor-spacer\">\n\t\t\t<div class=\"elementor-spacer-inner\"><\/div>\n\t\t<\/div>\n\t\t\t\t\t\t<\/div>\n\t\t\t\t<\/div>\n\t\t\t\t<\/div>","protected":false},"excerpt":{"rendered":"","protected":false},"author":1,"featured_media":3908,"parent":0,"menu_order":0,"comment_status":"closed","ping_status":"closed","template":"","meta":{"footnotes":""},"class_list":["post-13","page","type-page","status-publish","has-post-thumbnail","hentry"],"yoast_head":"<!-- This site is optimized with the Yoast SEO plugin v27.3 - https:\/\/yoast.com\/product\/yoast-seo-wordpress\/ -->\n<title>Fotograf J\u00fcrgen Sauer<\/title>\n<meta name=\"description\" content=\"Fotograf J\u00fcrgen Sauer aus M\u00fcnchen mit Reportagen zwischen Dokumentation und Kunst, stets mit den Menschen im Mittelpunkt.\" \/>\n<meta name=\"robots\" content=\"index, follow, max-snippet:-1, max-image-preview:large, max-video-preview:-1\" \/>\n<link rel=\"canonical\" href=\"https:\/\/fotograf-sauer.de\/en\/\" \/>\n<meta property=\"og:locale\" content=\"en_GB\" \/>\n<meta property=\"og:type\" content=\"article\" \/>\n<meta property=\"og:title\" content=\"Fotograf J\u00fcrgen Sauer\" \/>\n<meta property=\"og:description\" content=\"Fotograf J\u00fcrgen Sauer aus M\u00fcnchen mit Reportagen zwischen Dokumentation und Kunst, stets mit den Menschen im Mittelpunkt.\" \/>\n<meta property=\"og:url\" content=\"https:\/\/fotograf-sauer.de\/en\/\" \/>\n<meta property=\"og:site_name\" content=\"Fotograf J\u00fcrgen Sauer\" \/>\n<meta property=\"article:modified_time\" content=\"2025-10-20T12:50:45+00:00\" \/>\n<meta property=\"og:image\" content=\"https:\/\/fotograf-sauer.de\/wp-content\/uploads\/2025\/08\/01-fotograf-juergen-sauer-charles-quartey-boxing-foundation.jpg\" \/>\n\t<meta property=\"og:image:width\" content=\"600\" \/>\n\t<meta property=\"og:image:height\" content=\"600\" \/>\n\t<meta property=\"og:image:type\" content=\"image\/jpeg\" \/>\n<meta name=\"twitter:card\" content=\"summary_large_image\" \/>\n<meta name=\"twitter:label1\" content=\"Estimated reading time\" \/>\n\t<meta name=\"twitter:data1\" content=\"1 minute\" \/>\n<script type=\"application\/ld+json\" class=\"yoast-schema-graph\">{\"@context\":\"https:\\\/\\\/schema.org\",\"@graph\":[{\"@type\":\"WebPage\",\"@id\":\"https:\\\/\\\/fotograf-sauer.de\\\/\",\"url\":\"https:\\\/\\\/fotograf-sauer.de\\\/\",\"name\":\"Fotograf J\u00fcrgen Sauer\",\"isPartOf\":{\"@id\":\"https:\\\/\\\/fotograf-sauer.de\\\/#website\"},\"primaryImageOfPage\":{\"@id\":\"https:\\\/\\\/fotograf-sauer.de\\\/#primaryimage\"},\"image\":{\"@id\":\"https:\\\/\\\/fotograf-sauer.de\\\/#primaryimage\"},\"thumbnailUrl\":\"https:\\\/\\\/fotograf-sauer.de\\\/wp-content\\\/uploads\\\/2025\\\/08\\\/01-fotograf-juergen-sauer-charles-quartey-boxing-foundation.jpg\",\"datePublished\":\"2025-07-04T16:03:17+00:00\",\"dateModified\":\"2025-10-20T12:50:45+00:00\",\"description\":\"Fotograf J\u00fcrgen Sauer aus M\u00fcnchen mit Reportagen zwischen Dokumentation und Kunst, stets mit den Menschen im Mittelpunkt.\",\"breadcrumb\":{\"@id\":\"https:\\\/\\\/fotograf-sauer.de\\\/#breadcrumb\"},\"inLanguage\":\"en-GB\",\"potentialAction\":[{\"@type\":\"ReadAction\",\"target\":[\"https:\\\/\\\/fotograf-sauer.de\\\/\"]}]},{\"@type\":\"ImageObject\",\"inLanguage\":\"en-GB\",\"@id\":\"https:\\\/\\\/fotograf-sauer.de\\\/#primaryimage\",\"url\":\"https:\\\/\\\/fotograf-sauer.de\\\/wp-content\\\/uploads\\\/2025\\\/08\\\/01-fotograf-juergen-sauer-charles-quartey-boxing-foundation.jpg\",\"contentUrl\":\"https:\\\/\\\/fotograf-sauer.de\\\/wp-content\\\/uploads\\\/2025\\\/08\\\/01-fotograf-juergen-sauer-charles-quartey-boxing-foundation.jpg\",\"width\":600,\"height\":600,\"caption\":\"Startseite von Fotograf Juergen Sauer aus M\u00fcnchen mit Boxer der Charles Quartey Boxing Foundation in Bukom, einem Armenviertel in Accra, Ghana.\"},{\"@type\":\"BreadcrumbList\",\"@id\":\"https:\\\/\\\/fotograf-sauer.de\\\/#breadcrumb\",\"itemListElement\":[{\"@type\":\"ListItem\",\"position\":1,\"name\":\"Startseite\",\"item\":\"https:\\\/\\\/fotograf-sauer.de\\\/\"},{\"@type\":\"ListItem\",\"position\":2,\"name\":\"Startseite\"}]},{\"@type\":\"WebSite\",\"@id\":\"https:\\\/\\\/fotograf-sauer.de\\\/#website\",\"url\":\"https:\\\/\\\/fotograf-sauer.de\\\/\",\"name\":\"Fotograf J\u00fcrgen Sauer\",\"description\":\"\",\"publisher\":{\"@id\":\"https:\\\/\\\/fotograf-sauer.de\\\/#\\\/schema\\\/person\\\/a602ee01fb827d95fa97f0fb8cbc11fc\"},\"potentialAction\":[{\"@type\":\"SearchAction\",\"target\":{\"@type\":\"EntryPoint\",\"urlTemplate\":\"https:\\\/\\\/fotograf-sauer.de\\\/?s={search_term_string}\"},\"query-input\":{\"@type\":\"PropertyValueSpecification\",\"valueRequired\":true,\"valueName\":\"search_term_string\"}}],\"inLanguage\":\"en-GB\"},{\"@type\":[\"Person\",\"Organization\"],\"@id\":\"https:\\\/\\\/fotograf-sauer.de\\\/#\\\/schema\\\/person\\\/a602ee01fb827d95fa97f0fb8cbc11fc\",\"name\":\"AdminJuergen\",\"image\":{\"@type\":\"ImageObject\",\"inLanguage\":\"en-GB\",\"@id\":\"https:\\\/\\\/fotograf-sauer.de\\\/wp-content\\\/uploads\\\/2025\\\/08\\\/Fotograf-Juergen-Sauer.png\",\"url\":\"https:\\\/\\\/fotograf-sauer.de\\\/wp-content\\\/uploads\\\/2025\\\/08\\\/Fotograf-Juergen-Sauer.png\",\"contentUrl\":\"https:\\\/\\\/fotograf-sauer.de\\\/wp-content\\\/uploads\\\/2025\\\/08\\\/Fotograf-Juergen-Sauer.png\",\"width\":300,\"height\":300,\"caption\":\"AdminJuergen\"},\"logo\":{\"@id\":\"https:\\\/\\\/fotograf-sauer.de\\\/wp-content\\\/uploads\\\/2025\\\/08\\\/Fotograf-Juergen-Sauer.png\"}}]}<\/script>\n<!-- \/ Yoast SEO plugin. -->","yoast_head_json":{"title":"Fotograf J\u00fcrgen Sauer","description":"Fotograf J\u00fcrgen Sauer aus M\u00fcnchen mit Reportagen zwischen Dokumentation und Kunst, stets mit den Menschen im Mittelpunkt.","robots":{"index":"index","follow":"follow","max-snippet":"max-snippet:-1","max-image-preview":"max-image-preview:large","max-video-preview":"max-video-preview:-1"},"canonical":"https:\/\/fotograf-sauer.de\/en\/","og_locale":"en_GB","og_type":"article","og_title":"Fotograf J\u00fcrgen Sauer","og_description":"Fotograf J\u00fcrgen Sauer aus M\u00fcnchen mit Reportagen zwischen Dokumentation und Kunst, stets mit den Menschen im Mittelpunkt.","og_url":"https:\/\/fotograf-sauer.de\/en\/","og_site_name":"Fotograf J\u00fcrgen Sauer","article_modified_time":"2025-10-20T12:50:45+00:00","og_image":[{"width":600,"height":600,"url":"https:\/\/fotograf-sauer.de\/wp-content\/uploads\/2025\/08\/01-fotograf-juergen-sauer-charles-quartey-boxing-foundation.jpg","type":"image\/jpeg"}],"twitter_card":"summary_large_image","twitter_misc":{"Estimated reading time":"1 minute"},"schema":{"@context":"https:\/\/schema.org","@graph":[{"@type":"WebPage","@id":"https:\/\/fotograf-sauer.de\/","url":"https:\/\/fotograf-sauer.de\/","name":"Fotograf J\u00fcrgen Sauer","isPartOf":{"@id":"https:\/\/fotograf-sauer.de\/#website"},"primaryImageOfPage":{"@id":"https:\/\/fotograf-sauer.de\/#primaryimage"},"image":{"@id":"https:\/\/fotograf-sauer.de\/#primaryimage"},"thumbnailUrl":"https:\/\/fotograf-sauer.de\/wp-content\/uploads\/2025\/08\/01-fotograf-juergen-sauer-charles-quartey-boxing-foundation.jpg","datePublished":"2025-07-04T16:03:17+00:00","dateModified":"2025-10-20T12:50:45+00:00","description":"Fotograf J\u00fcrgen Sauer aus M\u00fcnchen mit Reportagen zwischen Dokumentation und Kunst, stets mit den Menschen im Mittelpunkt.","breadcrumb":{"@id":"https:\/\/fotograf-sauer.de\/#breadcrumb"},"inLanguage":"en-GB","potentialAction":[{"@type":"ReadAction","target":["https:\/\/fotograf-sauer.de\/"]}]},{"@type":"ImageObject","inLanguage":"en-GB","@id":"https:\/\/fotograf-sauer.de\/#primaryimage","url":"https:\/\/fotograf-sauer.de\/wp-content\/uploads\/2025\/08\/01-fotograf-juergen-sauer-charles-quartey-boxing-foundation.jpg","contentUrl":"https:\/\/fotograf-sauer.de\/wp-content\/uploads\/2025\/08\/01-fotograf-juergen-sauer-charles-quartey-boxing-foundation.jpg","width":600,"height":600,"caption":"Startseite von Fotograf Juergen Sauer aus M\u00fcnchen mit Boxer der Charles Quartey Boxing Foundation in Bukom, einem Armenviertel in Accra, Ghana."},{"@type":"BreadcrumbList","@id":"https:\/\/fotograf-sauer.de\/#breadcrumb","itemListElement":[{"@type":"ListItem","position":1,"name":"Startseite","item":"https:\/\/fotograf-sauer.de\/"},{"@type":"ListItem","position":2,"name":"Startseite"}]},{"@type":"WebSite","@id":"https:\/\/fotograf-sauer.de\/#website","url":"https:\/\/fotograf-sauer.de\/","name":"Fotograf J\u00fcrgen Sauer","description":"","publisher":{"@id":"https:\/\/fotograf-sauer.de\/#\/schema\/person\/a602ee01fb827d95fa97f0fb8cbc11fc"},"potentialAction":[{"@type":"SearchAction","target":{"@type":"EntryPoint","urlTemplate":"https:\/\/fotograf-sauer.de\/?s={search_term_string}"},"query-input":{"@type":"PropertyValueSpecification","valueRequired":true,"valueName":"search_term_string"}}],"inLanguage":"en-GB"},{"@type":["Person","Organization"],"@id":"https:\/\/fotograf-sauer.de\/#\/schema\/person\/a602ee01fb827d95fa97f0fb8cbc11fc","name":"AdminJuergen","image":{"@type":"ImageObject","inLanguage":"en-GB","@id":"https:\/\/fotograf-sauer.de\/wp-content\/uploads\/2025\/08\/Fotograf-Juergen-Sauer.png","url":"https:\/\/fotograf-sauer.de\/wp-content\/uploads\/2025\/08\/Fotograf-Juergen-Sauer.png","contentUrl":"https:\/\/fotograf-sauer.de\/wp-content\/uploads\/2025\/08\/Fotograf-Juergen-Sauer.png","width":300,"height":300,"caption":"AdminJuergen"},"logo":{"@id":"https:\/\/fotograf-sauer.de\/wp-content\/uploads\/2025\/08\/Fotograf-Juergen-Sauer.png"}}]}},"_links":{"self":[{"href":"https:\/\/fotograf-sauer.de\/en\/wp-json\/wp\/v2\/pages\/13","targetHints":{"allow":["GET"]}}],"collection":[{"href":"https:\/\/fotograf-sauer.de\/en\/wp-json\/wp\/v2\/pages"}],"about":[{"href":"https:\/\/fotograf-sauer.de\/en\/wp-json\/wp\/v2\/types\/page"}],"author":[{"embeddable":true,"href":"https:\/\/fotograf-sauer.de\/en\/wp-json\/wp\/v2\/users\/1"}],"replies":[{"embeddable":true,"href":"https:\/\/fotograf-sauer.de\/en\/wp-json\/wp\/v2\/comments?post=13"}],"version-history":[{"count":562,"href":"https:\/\/fotograf-sauer.de\/en\/wp-json\/wp\/v2\/pages\/13\/revisions"}],"predecessor-version":[{"id":6687,"href":"https:\/\/fotograf-sauer.de\/en\/wp-json\/wp\/v2\/pages\/13\/revisions\/6687"}],"wp:featuredmedia":[{"embeddable":true,"href":"https:\/\/fotograf-sauer.de\/en\/wp-json\/wp\/v2\/media\/3908"}],"wp:attachment":[{"href":"https:\/\/fotograf-sauer.de\/en\/wp-json\/wp\/v2\/media?parent=13"}],"curies":[{"name":"wp","href":"https:\/\/api.w.org\/{rel}","templated":true}]}}