{"id":1316,"date":"2025-07-23T12:59:16","date_gmt":"2025-07-23T12:59:16","guid":{"rendered":"https:\/\/fotograf-sauer.de\/?page_id=1316"},"modified":"2026-04-07T09:33:51","modified_gmt":"2026-04-07T09:33:51","slug":"marrakech","status":"publish","type":"page","link":"https:\/\/fotograf-sauer.de\/en\/marrakech\/","title":{"rendered":"Souks of Marrakesh"},"content":{"rendered":"<div data-elementor-type=\"wp-page\" data-elementor-id=\"1316\" class=\"elementor elementor-1316\" data-elementor-post-type=\"page\">\n\t\t\t\t<div class=\"elementor-element elementor-element-31aef00 e-con-full e-flex e-con e-parent\" data-id=\"31aef00\" data-element_type=\"container\">\n\t\t<div class=\"elementor-element elementor-element-26f3078 e-con-full e-flex e-con e-child\" data-id=\"26f3078\" data-element_type=\"container\">\n\t\t\t\t<div class=\"elementor-element elementor-element-489508d elementor-widget elementor-widget-heading\" data-id=\"489508d\" data-element_type=\"widget\" data-widget_type=\"heading.default\">\n\t\t\t\t\t<h2 class=\"elementor-heading-title elementor-size-default\">Souks of Marrakesh<\/h2>\t\t\t\t<\/div>\n\t\t\t\t<div class=\"elementor-element elementor-element-1b45612 elementor-widget elementor-widget-text-editor\" data-id=\"1b45612\" data-element_type=\"widget\" data-widget_type=\"text-editor.default\">\n\t\t\t\t\t\t\t\t\t<p>On this early first journey to Morocco, still very much in the mode of long exposures, I experimented during my explorations of the souks of Marrakech by moving the camera while shooting. In this way, people, backgrounds and colours merged into new artistic compositions.<\/p><p>As it turned out, a difficult undertaking to control. <br \/>Where it succeeded, unique moods emerged, and in my mind\u2019s eye I already envisioned my second exhibition \u2013 this time with oriental, vividly coloured large-format works.<\/p><p>Unfortunately, the rejection rate with this technique was enormous, and in the end I was left with too few subjects to mount a photo exhibition from it.<\/p>\t\t\t\t\t\t\t\t<\/div>\n\t\t\t\t<\/div>\n\t\t<div class=\"elementor-element elementor-element-be29b7c e-con-full e-flex e-con e-child\" data-id=\"be29b7c\" data-element_type=\"container\">\n\t\t\t\t<div class=\"elementor-element elementor-element-94dd4d1 elementor-widget elementor-widget-gallery\" data-id=\"94dd4d1\" data-element_type=\"widget\" data-settings=\"{&quot;gap&quot;:{&quot;unit&quot;:&quot;px&quot;,&quot;size&quot;:2,&quot;sizes&quot;:[]},&quot;columns_tablet_extra&quot;:4,&quot;gap_laptop&quot;:{&quot;unit&quot;:&quot;px&quot;,&quot;size&quot;:2,&quot;sizes&quot;:[]},&quot;gap_tablet_extra&quot;:{&quot;unit&quot;:&quot;px&quot;,&quot;size&quot;:2,&quot;sizes&quot;:[]},&quot;gap_tablet&quot;:{&quot;unit&quot;:&quot;px&quot;,&quot;size&quot;:2,&quot;sizes&quot;:[]},&quot;gap_mobile_extra&quot;:{&quot;unit&quot;:&quot;px&quot;,&quot;size&quot;:2,&quot;sizes&quot;:[]},&quot;gap_mobile&quot;:{&quot;unit&quot;:&quot;px&quot;,&quot;size&quot;:2,&quot;sizes&quot;:[]},&quot;gallery_layout&quot;:&quot;masonry&quot;,&quot;columns_tablet&quot;:1,&quot;columns_widescreen&quot;:4,&quot;columns_laptop&quot;:4,&quot;columns_mobile_extra&quot;:2,&quot;lazyload&quot;:&quot;yes&quot;,&quot;columns&quot;:4,&quot;columns_mobile&quot;:1,&quot;gap_widescreen&quot;:{&quot;unit&quot;:&quot;px&quot;,&quot;size&quot;:&quot;&quot;,&quot;sizes&quot;:[]},&quot;link_to&quot;:&quot;file&quot;,&quot;overlay_background&quot;:&quot;yes&quot;,&quot;content_hover_animation&quot;:&quot;fade-in&quot;}\" data-widget_type=\"gallery.default\">\n\t\t\t\t\t\t\t<div class=\"elementor-gallery__container\">\n\t\t\t\t\t\t\t<a class=\"e-gallery-item elementor-gallery-item elementor-animated-content\" href=\"https:\/\/fotograf-sauer.de\/wp-content\/uploads\/2025\/08\/marrakech-souks-01.jpg\" data-elementor-open-lightbox=\"yes\" data-elementor-lightbox-slideshow=\"94dd4d1\" data-e-action-hash=\"#elementor-action%3Aaction%3Dlightbox%26settings%3DeyJpZCI6MzUxOSwidXJsIjoiaHR0cHM6XC9cL2ZvdG9ncmFmLXNhdWVyLmRlXC93cC1jb250ZW50XC91cGxvYWRzXC8yMDI1XC8wOFwvbWFycmFrZWNoLXNvdWtzLTAxLmpwZyIsInNsaWRlc2hvdyI6Ijk0ZGQ0ZDEifQ%3D%3D\">\n\t\t\t\t\t<div class=\"e-gallery-image elementor-gallery-item__image\" data-thumbnail=\"https:\/\/fotograf-sauer.de\/wp-content\/uploads\/2025\/08\/marrakech-souks-01.jpg\" data-width=\"1200\" data-height=\"1800\" aria-label=\"Menschen in den Souks von Marrakech, gesehen von Fotograf J\u00fcrgen Sauer.\" role=\"img\" ><\/div>\n\t\t\t\t\t\t\t\t\t\t\t<div class=\"elementor-gallery-item__overlay\"><\/div>\n\t\t\t\t\t\t\t\t\t\t\t\t\t\t<\/a>\n\t\t\t\t\t\t\t<a class=\"e-gallery-item elementor-gallery-item elementor-animated-content\" href=\"https:\/\/fotograf-sauer.de\/wp-content\/uploads\/2026\/04\/marrakech-souks-24.jpg\" data-elementor-open-lightbox=\"yes\" data-elementor-lightbox-slideshow=\"94dd4d1\" data-e-action-hash=\"#elementor-action%3Aaction%3Dlightbox%26settings%3DeyJpZCI6NzYwMSwidXJsIjoiaHR0cHM6XC9cL2ZvdG9ncmFmLXNhdWVyLmRlXC93cC1jb250ZW50XC91cGxvYWRzXC8yMDI2XC8wNFwvbWFycmFrZWNoLXNvdWtzLTI0LmpwZyIsInNsaWRlc2hvdyI6Ijk0ZGQ0ZDEifQ%3D%3D\">\n\t\t\t\t\t<div class=\"e-gallery-image elementor-gallery-item__image\" data-thumbnail=\"https:\/\/fotograf-sauer.de\/wp-content\/uploads\/2026\/04\/marrakech-souks-24.jpg\" data-width=\"1200\" data-height=\"1800\" aria-label=\"Menschen in den Souks von Marrakech, gesehen von Fotograf J\u00fcrgen Sauer.\" role=\"img\" ><\/div>\n\t\t\t\t\t\t\t\t\t\t\t<div class=\"elementor-gallery-item__overlay\"><\/div>\n\t\t\t\t\t\t\t\t\t\t\t\t\t\t<\/a>\n\t\t\t\t\t\t\t<a class=\"e-gallery-item elementor-gallery-item elementor-animated-content\" href=\"https:\/\/fotograf-sauer.de\/wp-content\/uploads\/2025\/09\/marrakech-souks-09.jpg\" data-elementor-open-lightbox=\"yes\" data-elementor-lightbox-slideshow=\"94dd4d1\" data-e-action-hash=\"#elementor-action%3Aaction%3Dlightbox%26settings%3DeyJpZCI6NTMzMywidXJsIjoiaHR0cHM6XC9cL2ZvdG9ncmFmLXNhdWVyLmRlXC93cC1jb250ZW50XC91cGxvYWRzXC8yMDI1XC8wOVwvbWFycmFrZWNoLXNvdWtzLTA5LmpwZyIsInNsaWRlc2hvdyI6Ijk0ZGQ0ZDEifQ%3D%3D\">\n\t\t\t\t\t<div class=\"e-gallery-image elementor-gallery-item__image\" data-thumbnail=\"https:\/\/fotograf-sauer.de\/wp-content\/uploads\/2025\/09\/marrakech-souks-09.jpg\" data-width=\"1200\" data-height=\"1800\" aria-label=\"Menschen in den Souks von Marrakech, gesehen von Fotograf J\u00fcrgen Sauer.\" role=\"img\" ><\/div>\n\t\t\t\t\t\t\t\t\t\t\t<div class=\"elementor-gallery-item__overlay\"><\/div>\n\t\t\t\t\t\t\t\t\t\t\t\t\t\t<\/a>\n\t\t\t\t\t\t\t<a class=\"e-gallery-item elementor-gallery-item elementor-animated-content\" href=\"https:\/\/fotograf-sauer.de\/wp-content\/uploads\/2025\/08\/marrakech-souks-03.jpg\" data-elementor-open-lightbox=\"yes\" data-elementor-lightbox-slideshow=\"94dd4d1\" data-e-action-hash=\"#elementor-action%3Aaction%3Dlightbox%26settings%3DeyJpZCI6MzUyMSwidXJsIjoiaHR0cHM6XC9cL2ZvdG9ncmFmLXNhdWVyLmRlXC93cC1jb250ZW50XC91cGxvYWRzXC8yMDI1XC8wOFwvbWFycmFrZWNoLXNvdWtzLTAzLmpwZyIsInNsaWRlc2hvdyI6Ijk0ZGQ0ZDEifQ%3D%3D\">\n\t\t\t\t\t<div class=\"e-gallery-image elementor-gallery-item__image\" data-thumbnail=\"https:\/\/fotograf-sauer.de\/wp-content\/uploads\/2025\/08\/marrakech-souks-03.jpg\" data-width=\"1200\" data-height=\"1800\" aria-label=\"Menschen in den Souks von Marrakech, gesehen von Fotograf J\u00fcrgen Sauer.\" role=\"img\" ><\/div>\n\t\t\t\t\t\t\t\t\t\t\t<div class=\"elementor-gallery-item__overlay\"><\/div>\n\t\t\t\t\t\t\t\t\t\t\t\t\t\t<\/a>\n\t\t\t\t\t\t\t<a class=\"e-gallery-item elementor-gallery-item elementor-animated-content\" href=\"https:\/\/fotograf-sauer.de\/wp-content\/uploads\/2025\/08\/marrakech-souks-06.jpg\" data-elementor-open-lightbox=\"yes\" data-elementor-lightbox-slideshow=\"94dd4d1\" data-e-action-hash=\"#elementor-action%3Aaction%3Dlightbox%26settings%3DeyJpZCI6MzUyNCwidXJsIjoiaHR0cHM6XC9cL2ZvdG9ncmFmLXNhdWVyLmRlXC93cC1jb250ZW50XC91cGxvYWRzXC8yMDI1XC8wOFwvbWFycmFrZWNoLXNvdWtzLTA2LmpwZyIsInNsaWRlc2hvdyI6Ijk0ZGQ0ZDEifQ%3D%3D\">\n\t\t\t\t\t<div class=\"e-gallery-image elementor-gallery-item__image\" data-thumbnail=\"https:\/\/fotograf-sauer.de\/wp-content\/uploads\/2025\/08\/marrakech-souks-06.jpg\" data-width=\"1800\" data-height=\"1200\" aria-label=\"Menschen in den Souks von Marrakech, gesehen von Fotograf J\u00fcrgen Sauer.\" role=\"img\" ><\/div>\n\t\t\t\t\t\t\t\t\t\t\t<div class=\"elementor-gallery-item__overlay\"><\/div>\n\t\t\t\t\t\t\t\t\t\t\t\t\t\t<\/a>\n\t\t\t\t\t\t\t<a class=\"e-gallery-item elementor-gallery-item elementor-animated-content\" href=\"https:\/\/fotograf-sauer.de\/wp-content\/uploads\/2026\/04\/marrakech-souks-22.jpg\" data-elementor-open-lightbox=\"yes\" data-elementor-lightbox-slideshow=\"94dd4d1\" data-e-action-hash=\"#elementor-action%3Aaction%3Dlightbox%26settings%3DeyJpZCI6NzU5NiwidXJsIjoiaHR0cHM6XC9cL2ZvdG9ncmFmLXNhdWVyLmRlXC93cC1jb250ZW50XC91cGxvYWRzXC8yMDI2XC8wNFwvbWFycmFrZWNoLXNvdWtzLTIyLmpwZyIsInNsaWRlc2hvdyI6Ijk0ZGQ0ZDEifQ%3D%3D\">\n\t\t\t\t\t<div class=\"e-gallery-image elementor-gallery-item__image\" data-thumbnail=\"https:\/\/fotograf-sauer.de\/wp-content\/uploads\/2026\/04\/marrakech-souks-22.jpg\" data-width=\"1800\" data-height=\"1200\" aria-label=\"Menschen in den Souks von Marrakech, gesehen von Fotograf J\u00fcrgen Sauer.\" role=\"img\" ><\/div>\n\t\t\t\t\t\t\t\t\t\t\t<div class=\"elementor-gallery-item__overlay\"><\/div>\n\t\t\t\t\t\t\t\t\t\t\t\t\t\t<\/a>\n\t\t\t\t\t\t\t<a class=\"e-gallery-item elementor-gallery-item elementor-animated-content\" href=\"https:\/\/fotograf-sauer.de\/wp-content\/uploads\/2025\/08\/marrakech-souks-05.jpg\" data-elementor-open-lightbox=\"yes\" data-elementor-lightbox-slideshow=\"94dd4d1\" data-e-action-hash=\"#elementor-action%3Aaction%3Dlightbox%26settings%3DeyJpZCI6MzUyMywidXJsIjoiaHR0cHM6XC9cL2ZvdG9ncmFmLXNhdWVyLmRlXC93cC1jb250ZW50XC91cGxvYWRzXC8yMDI1XC8wOFwvbWFycmFrZWNoLXNvdWtzLTA1LmpwZyIsInNsaWRlc2hvdyI6Ijk0ZGQ0ZDEifQ%3D%3D\">\n\t\t\t\t\t<div class=\"e-gallery-image elementor-gallery-item__image\" data-thumbnail=\"https:\/\/fotograf-sauer.de\/wp-content\/uploads\/2025\/08\/marrakech-souks-05.jpg\" data-width=\"1800\" data-height=\"1200\" aria-label=\"Menschen in den Souks von Marrakech, gesehen von Fotograf J\u00fcrgen Sauer.\" role=\"img\" ><\/div>\n\t\t\t\t\t\t\t\t\t\t\t<div class=\"elementor-gallery-item__overlay\"><\/div>\n\t\t\t\t\t\t\t\t\t\t\t\t\t\t<\/a>\n\t\t\t\t\t\t\t<a class=\"e-gallery-item elementor-gallery-item elementor-animated-content\" href=\"https:\/\/fotograf-sauer.de\/wp-content\/uploads\/2025\/08\/marrakech-souks-08.jpg\" data-elementor-open-lightbox=\"yes\" data-elementor-lightbox-slideshow=\"94dd4d1\" data-e-action-hash=\"#elementor-action%3Aaction%3Dlightbox%26settings%3DeyJpZCI6MzUyNiwidXJsIjoiaHR0cHM6XC9cL2ZvdG9ncmFmLXNhdWVyLmRlXC93cC1jb250ZW50XC91cGxvYWRzXC8yMDI1XC8wOFwvbWFycmFrZWNoLXNvdWtzLTA4LmpwZyIsInNsaWRlc2hvdyI6Ijk0ZGQ0ZDEifQ%3D%3D\">\n\t\t\t\t\t<div class=\"e-gallery-image elementor-gallery-item__image\" data-thumbnail=\"https:\/\/fotograf-sauer.de\/wp-content\/uploads\/2025\/08\/marrakech-souks-08.jpg\" data-width=\"1800\" data-height=\"1200\" aria-label=\"Menschen in den Souks von Marrakech, gesehen von Fotograf J\u00fcrgen Sauer.\" role=\"img\" ><\/div>\n\t\t\t\t\t\t\t\t\t\t\t<div class=\"elementor-gallery-item__overlay\"><\/div>\n\t\t\t\t\t\t\t\t\t\t\t\t\t\t<\/a>\n\t\t\t\t\t\t\t<a class=\"e-gallery-item elementor-gallery-item elementor-animated-content\" href=\"https:\/\/fotograf-sauer.de\/wp-content\/uploads\/2025\/08\/marrakech-souks-04.jpg\" data-elementor-open-lightbox=\"yes\" data-elementor-lightbox-slideshow=\"94dd4d1\" data-e-action-hash=\"#elementor-action%3Aaction%3Dlightbox%26settings%3DeyJpZCI6MzUyMiwidXJsIjoiaHR0cHM6XC9cL2ZvdG9ncmFmLXNhdWVyLmRlXC93cC1jb250ZW50XC91cGxvYWRzXC8yMDI1XC8wOFwvbWFycmFrZWNoLXNvdWtzLTA0LmpwZyIsInNsaWRlc2hvdyI6Ijk0ZGQ0ZDEifQ%3D%3D\">\n\t\t\t\t\t<div class=\"e-gallery-image elementor-gallery-item__image\" data-thumbnail=\"https:\/\/fotograf-sauer.de\/wp-content\/uploads\/2025\/08\/marrakech-souks-04.jpg\" data-width=\"1200\" data-height=\"1800\" aria-label=\"Menschen in den Souks von Marrakech, gesehen von Fotograf J\u00fcrgen Sauer.\" role=\"img\" ><\/div>\n\t\t\t\t\t\t\t\t\t\t\t<div class=\"elementor-gallery-item__overlay\"><\/div>\n\t\t\t\t\t\t\t\t\t\t\t\t\t\t<\/a>\n\t\t\t\t\t\t\t<a class=\"e-gallery-item elementor-gallery-item elementor-animated-content\" href=\"https:\/\/fotograf-sauer.de\/wp-content\/uploads\/2026\/04\/marrakech-souks-20.jpg\" data-elementor-open-lightbox=\"yes\" data-elementor-lightbox-slideshow=\"94dd4d1\" data-e-action-hash=\"#elementor-action%3Aaction%3Dlightbox%26settings%3DeyJpZCI6NzU5NCwidXJsIjoiaHR0cHM6XC9cL2ZvdG9ncmFmLXNhdWVyLmRlXC93cC1jb250ZW50XC91cGxvYWRzXC8yMDI2XC8wNFwvbWFycmFrZWNoLXNvdWtzLTIwLmpwZyIsInNsaWRlc2hvdyI6Ijk0ZGQ0ZDEifQ%3D%3D\">\n\t\t\t\t\t<div class=\"e-gallery-image elementor-gallery-item__image\" data-thumbnail=\"https:\/\/fotograf-sauer.de\/wp-content\/uploads\/2026\/04\/marrakech-souks-20.jpg\" data-width=\"1200\" data-height=\"1800\" aria-label=\"Menschen in den Souks von Marrakech, gesehen von Fotograf J\u00fcrgen Sauer.\" role=\"img\" ><\/div>\n\t\t\t\t\t\t\t\t\t\t\t<div class=\"elementor-gallery-item__overlay\"><\/div>\n\t\t\t\t\t\t\t\t\t\t\t\t\t\t<\/a>\n\t\t\t\t\t\t\t<a class=\"e-gallery-item elementor-gallery-item elementor-animated-content\" href=\"https:\/\/fotograf-sauer.de\/wp-content\/uploads\/2026\/04\/marrakech-souks-21.jpg\" data-elementor-open-lightbox=\"yes\" data-elementor-lightbox-slideshow=\"94dd4d1\" data-e-action-hash=\"#elementor-action%3Aaction%3Dlightbox%26settings%3DeyJpZCI6NzU5NSwidXJsIjoiaHR0cHM6XC9cL2ZvdG9ncmFmLXNhdWVyLmRlXC93cC1jb250ZW50XC91cGxvYWRzXC8yMDI2XC8wNFwvbWFycmFrZWNoLXNvdWtzLTIxLmpwZyIsInNsaWRlc2hvdyI6Ijk0ZGQ0ZDEifQ%3D%3D\">\n\t\t\t\t\t<div class=\"e-gallery-image elementor-gallery-item__image\" data-thumbnail=\"https:\/\/fotograf-sauer.de\/wp-content\/uploads\/2026\/04\/marrakech-souks-21.jpg\" data-width=\"1200\" data-height=\"1800\" aria-label=\"Menschen in den Souks von Marrakech, gesehen von Fotograf J\u00fcrgen Sauer.\" role=\"img\" ><\/div>\n\t\t\t\t\t\t\t\t\t\t\t<div class=\"elementor-gallery-item__overlay\"><\/div>\n\t\t\t\t\t\t\t\t\t\t\t\t\t\t<\/a>\n\t\t\t\t\t\t\t<a class=\"e-gallery-item elementor-gallery-item elementor-animated-content\" href=\"https:\/\/fotograf-sauer.de\/wp-content\/uploads\/2026\/04\/marrakech-souks-23.jpg\" data-elementor-open-lightbox=\"yes\" data-elementor-lightbox-slideshow=\"94dd4d1\" data-e-action-hash=\"#elementor-action%3Aaction%3Dlightbox%26settings%3DeyJpZCI6NzU5NywidXJsIjoiaHR0cHM6XC9cL2ZvdG9ncmFmLXNhdWVyLmRlXC93cC1jb250ZW50XC91cGxvYWRzXC8yMDI2XC8wNFwvbWFycmFrZWNoLXNvdWtzLTIzLmpwZyIsInNsaWRlc2hvdyI6Ijk0ZGQ0ZDEifQ%3D%3D\">\n\t\t\t\t\t<div class=\"e-gallery-image elementor-gallery-item__image\" data-thumbnail=\"https:\/\/fotograf-sauer.de\/wp-content\/uploads\/2026\/04\/marrakech-souks-23.jpg\" data-width=\"1200\" data-height=\"1800\" aria-label=\"Menschen in den Souks von Marrakech, gesehen von Fotograf J\u00fcrgen Sauer.\" role=\"img\" ><\/div>\n\t\t\t\t\t\t\t\t\t\t\t<div class=\"elementor-gallery-item__overlay\"><\/div>\n\t\t\t\t\t\t\t\t\t\t\t\t\t\t<\/a>\n\t\t\t\t\t<\/div>\n\t\t\t\t\t<\/div>\n\t\t\t\t<\/div>\n\t\t\t\t<\/div>\n\t\t\t\t<\/div>","protected":false},"excerpt":{"rendered":"<p>Souks von Marrakech Bei dieser fr\u00fchen, ersten Reise nach Marokko, damals noch ganz im Modus der langen Belichtungszeiten, experimentierte ich bei meinen Erkundungen der Souks von Marrakech damit, w\u00e4hrend der Aufnahme auch die Kamera in Bewegung zu versetzen. Menschen, Hintergrund und Farben verschmolzen auf diese Weise zu neuen, k\u00fcnstlerischen Kompositionen. Wie sich herausstellte, ein schwer [&hellip;]<\/p>\n","protected":false},"author":1,"featured_media":3915,"parent":0,"menu_order":0,"comment_status":"closed","ping_status":"closed","template":"elementor_header_footer","meta":{"footnotes":""},"class_list":["post-1316","page","type-page","status-publish","has-post-thumbnail","hentry"],"yoast_head":"<!-- This site is optimized with the Yoast SEO plugin v27.3 - https:\/\/yoast.com\/product\/yoast-seo-wordpress\/ -->\n<title>Souks von Marrakech - Fotograf J\u00fcrgen Sauer<\/title>\n<meta name=\"description\" content=\"In den Souks von Marrakech verschmelzen Menschen und Farben in Langzeitbelichtungen zu neuen, k\u00fcnstlerischen Kompositionen.\" \/>\n<meta name=\"robots\" content=\"index, follow, max-snippet:-1, max-image-preview:large, max-video-preview:-1\" \/>\n<link rel=\"canonical\" href=\"https:\/\/fotograf-sauer.de\/en\/marrakech\/\" \/>\n<meta property=\"og:locale\" content=\"en_GB\" \/>\n<meta property=\"og:type\" content=\"article\" \/>\n<meta property=\"og:title\" content=\"Souks von Marrakech - Fotograf J\u00fcrgen Sauer\" \/>\n<meta property=\"og:description\" content=\"In den Souks von Marrakech verschmelzen Menschen und Farben in Langzeitbelichtungen zu neuen, k\u00fcnstlerischen Kompositionen.\" \/>\n<meta property=\"og:url\" content=\"https:\/\/fotograf-sauer.de\/en\/marrakech\/\" \/>\n<meta property=\"og:site_name\" content=\"Fotograf J\u00fcrgen Sauer\" \/>\n<meta property=\"article:modified_time\" content=\"2026-04-07T09:33:51+00:00\" \/>\n<meta property=\"og:image\" content=\"https:\/\/fotograf-sauer.de\/wp-content\/uploads\/2025\/08\/08-fotograf-juergen-sauer-marrakech.jpg\" \/>\n\t<meta property=\"og:image:width\" content=\"600\" \/>\n\t<meta property=\"og:image:height\" content=\"600\" \/>\n\t<meta property=\"og:image:type\" content=\"image\/jpeg\" \/>\n<meta name=\"twitter:card\" content=\"summary_large_image\" \/>\n<meta name=\"twitter:label1\" content=\"Estimated reading time\" \/>\n\t<meta name=\"twitter:data1\" content=\"1 minute\" \/>\n<script type=\"application\/ld+json\" class=\"yoast-schema-graph\">{\"@context\":\"https:\\\/\\\/schema.org\",\"@graph\":[{\"@type\":\"WebPage\",\"@id\":\"https:\\\/\\\/fotograf-sauer.de\\\/marrakech\\\/\",\"url\":\"https:\\\/\\\/fotograf-sauer.de\\\/marrakech\\\/\",\"name\":\"Souks von Marrakech - Fotograf J\u00fcrgen Sauer\",\"isPartOf\":{\"@id\":\"https:\\\/\\\/fotograf-sauer.de\\\/#website\"},\"primaryImageOfPage\":{\"@id\":\"https:\\\/\\\/fotograf-sauer.de\\\/marrakech\\\/#primaryimage\"},\"image\":{\"@id\":\"https:\\\/\\\/fotograf-sauer.de\\\/marrakech\\\/#primaryimage\"},\"thumbnailUrl\":\"https:\\\/\\\/fotograf-sauer.de\\\/wp-content\\\/uploads\\\/2025\\\/08\\\/08-fotograf-juergen-sauer-marrakech.jpg\",\"datePublished\":\"2025-07-23T12:59:16+00:00\",\"dateModified\":\"2026-04-07T09:33:51+00:00\",\"description\":\"In den Souks von Marrakech verschmelzen Menschen und Farben in Langzeitbelichtungen zu neuen, k\u00fcnstlerischen Kompositionen.\",\"breadcrumb\":{\"@id\":\"https:\\\/\\\/fotograf-sauer.de\\\/marrakech\\\/#breadcrumb\"},\"inLanguage\":\"en-GB\",\"potentialAction\":[{\"@type\":\"ReadAction\",\"target\":[\"https:\\\/\\\/fotograf-sauer.de\\\/marrakech\\\/\"]}]},{\"@type\":\"ImageObject\",\"inLanguage\":\"en-GB\",\"@id\":\"https:\\\/\\\/fotograf-sauer.de\\\/marrakech\\\/#primaryimage\",\"url\":\"https:\\\/\\\/fotograf-sauer.de\\\/wp-content\\\/uploads\\\/2025\\\/08\\\/08-fotograf-juergen-sauer-marrakech.jpg\",\"contentUrl\":\"https:\\\/\\\/fotograf-sauer.de\\\/wp-content\\\/uploads\\\/2025\\\/08\\\/08-fotograf-juergen-sauer-marrakech.jpg\",\"width\":600,\"height\":600,\"caption\":\"K\u00fcnstlerische, bewegte Fotoaufnahmen, entstanden in den Gassen der Souks von Marrakech, Fotograf J\u00fcrgen Sauer aus M\u00fcnchen\"},{\"@type\":\"BreadcrumbList\",\"@id\":\"https:\\\/\\\/fotograf-sauer.de\\\/marrakech\\\/#breadcrumb\",\"itemListElement\":[{\"@type\":\"ListItem\",\"position\":1,\"name\":\"Startseite\",\"item\":\"https:\\\/\\\/fotograf-sauer.de\\\/\"},{\"@type\":\"ListItem\",\"position\":2,\"name\":\"Souks von Marrakech\"}]},{\"@type\":\"WebSite\",\"@id\":\"https:\\\/\\\/fotograf-sauer.de\\\/#website\",\"url\":\"https:\\\/\\\/fotograf-sauer.de\\\/\",\"name\":\"Fotograf J\u00fcrgen Sauer\",\"description\":\"\",\"publisher\":{\"@id\":\"https:\\\/\\\/fotograf-sauer.de\\\/#\\\/schema\\\/person\\\/a602ee01fb827d95fa97f0fb8cbc11fc\"},\"potentialAction\":[{\"@type\":\"SearchAction\",\"target\":{\"@type\":\"EntryPoint\",\"urlTemplate\":\"https:\\\/\\\/fotograf-sauer.de\\\/?s={search_term_string}\"},\"query-input\":{\"@type\":\"PropertyValueSpecification\",\"valueRequired\":true,\"valueName\":\"search_term_string\"}}],\"inLanguage\":\"en-GB\"},{\"@type\":[\"Person\",\"Organization\"],\"@id\":\"https:\\\/\\\/fotograf-sauer.de\\\/#\\\/schema\\\/person\\\/a602ee01fb827d95fa97f0fb8cbc11fc\",\"name\":\"AdminJuergen\",\"image\":{\"@type\":\"ImageObject\",\"inLanguage\":\"en-GB\",\"@id\":\"https:\\\/\\\/fotograf-sauer.de\\\/wp-content\\\/uploads\\\/2025\\\/08\\\/Fotograf-Juergen-Sauer.png\",\"url\":\"https:\\\/\\\/fotograf-sauer.de\\\/wp-content\\\/uploads\\\/2025\\\/08\\\/Fotograf-Juergen-Sauer.png\",\"contentUrl\":\"https:\\\/\\\/fotograf-sauer.de\\\/wp-content\\\/uploads\\\/2025\\\/08\\\/Fotograf-Juergen-Sauer.png\",\"width\":300,\"height\":300,\"caption\":\"AdminJuergen\"},\"logo\":{\"@id\":\"https:\\\/\\\/fotograf-sauer.de\\\/wp-content\\\/uploads\\\/2025\\\/08\\\/Fotograf-Juergen-Sauer.png\"}}]}<\/script>\n<!-- \/ Yoast SEO plugin. -->","yoast_head_json":{"title":"Souks von Marrakech - Fotograf J\u00fcrgen Sauer","description":"In den Souks von Marrakech verschmelzen Menschen und Farben in Langzeitbelichtungen zu neuen, k\u00fcnstlerischen Kompositionen.","robots":{"index":"index","follow":"follow","max-snippet":"max-snippet:-1","max-image-preview":"max-image-preview:large","max-video-preview":"max-video-preview:-1"},"canonical":"https:\/\/fotograf-sauer.de\/en\/marrakech\/","og_locale":"en_GB","og_type":"article","og_title":"Souks von Marrakech - Fotograf J\u00fcrgen Sauer","og_description":"In den Souks von Marrakech verschmelzen Menschen und Farben in Langzeitbelichtungen zu neuen, k\u00fcnstlerischen Kompositionen.","og_url":"https:\/\/fotograf-sauer.de\/en\/marrakech\/","og_site_name":"Fotograf J\u00fcrgen Sauer","article_modified_time":"2026-04-07T09:33:51+00:00","og_image":[{"width":600,"height":600,"url":"https:\/\/fotograf-sauer.de\/wp-content\/uploads\/2025\/08\/08-fotograf-juergen-sauer-marrakech.jpg","type":"image\/jpeg"}],"twitter_card":"summary_large_image","twitter_misc":{"Estimated reading time":"1 minute"},"schema":{"@context":"https:\/\/schema.org","@graph":[{"@type":"WebPage","@id":"https:\/\/fotograf-sauer.de\/marrakech\/","url":"https:\/\/fotograf-sauer.de\/marrakech\/","name":"Souks von Marrakech - Fotograf J\u00fcrgen Sauer","isPartOf":{"@id":"https:\/\/fotograf-sauer.de\/#website"},"primaryImageOfPage":{"@id":"https:\/\/fotograf-sauer.de\/marrakech\/#primaryimage"},"image":{"@id":"https:\/\/fotograf-sauer.de\/marrakech\/#primaryimage"},"thumbnailUrl":"https:\/\/fotograf-sauer.de\/wp-content\/uploads\/2025\/08\/08-fotograf-juergen-sauer-marrakech.jpg","datePublished":"2025-07-23T12:59:16+00:00","dateModified":"2026-04-07T09:33:51+00:00","description":"In den Souks von Marrakech verschmelzen Menschen und Farben in Langzeitbelichtungen zu neuen, k\u00fcnstlerischen Kompositionen.","breadcrumb":{"@id":"https:\/\/fotograf-sauer.de\/marrakech\/#breadcrumb"},"inLanguage":"en-GB","potentialAction":[{"@type":"ReadAction","target":["https:\/\/fotograf-sauer.de\/marrakech\/"]}]},{"@type":"ImageObject","inLanguage":"en-GB","@id":"https:\/\/fotograf-sauer.de\/marrakech\/#primaryimage","url":"https:\/\/fotograf-sauer.de\/wp-content\/uploads\/2025\/08\/08-fotograf-juergen-sauer-marrakech.jpg","contentUrl":"https:\/\/fotograf-sauer.de\/wp-content\/uploads\/2025\/08\/08-fotograf-juergen-sauer-marrakech.jpg","width":600,"height":600,"caption":"K\u00fcnstlerische, bewegte Fotoaufnahmen, entstanden in den Gassen der Souks von Marrakech, Fotograf J\u00fcrgen Sauer aus M\u00fcnchen"},{"@type":"BreadcrumbList","@id":"https:\/\/fotograf-sauer.de\/marrakech\/#breadcrumb","itemListElement":[{"@type":"ListItem","position":1,"name":"Startseite","item":"https:\/\/fotograf-sauer.de\/"},{"@type":"ListItem","position":2,"name":"Souks von Marrakech"}]},{"@type":"WebSite","@id":"https:\/\/fotograf-sauer.de\/#website","url":"https:\/\/fotograf-sauer.de\/","name":"Fotograf J\u00fcrgen Sauer","description":"","publisher":{"@id":"https:\/\/fotograf-sauer.de\/#\/schema\/person\/a602ee01fb827d95fa97f0fb8cbc11fc"},"potentialAction":[{"@type":"SearchAction","target":{"@type":"EntryPoint","urlTemplate":"https:\/\/fotograf-sauer.de\/?s={search_term_string}"},"query-input":{"@type":"PropertyValueSpecification","valueRequired":true,"valueName":"search_term_string"}}],"inLanguage":"en-GB"},{"@type":["Person","Organization"],"@id":"https:\/\/fotograf-sauer.de\/#\/schema\/person\/a602ee01fb827d95fa97f0fb8cbc11fc","name":"AdminJuergen","image":{"@type":"ImageObject","inLanguage":"en-GB","@id":"https:\/\/fotograf-sauer.de\/wp-content\/uploads\/2025\/08\/Fotograf-Juergen-Sauer.png","url":"https:\/\/fotograf-sauer.de\/wp-content\/uploads\/2025\/08\/Fotograf-Juergen-Sauer.png","contentUrl":"https:\/\/fotograf-sauer.de\/wp-content\/uploads\/2025\/08\/Fotograf-Juergen-Sauer.png","width":300,"height":300,"caption":"AdminJuergen"},"logo":{"@id":"https:\/\/fotograf-sauer.de\/wp-content\/uploads\/2025\/08\/Fotograf-Juergen-Sauer.png"}}]}},"_links":{"self":[{"href":"https:\/\/fotograf-sauer.de\/en\/wp-json\/wp\/v2\/pages\/1316","targetHints":{"allow":["GET"]}}],"collection":[{"href":"https:\/\/fotograf-sauer.de\/en\/wp-json\/wp\/v2\/pages"}],"about":[{"href":"https:\/\/fotograf-sauer.de\/en\/wp-json\/wp\/v2\/types\/page"}],"author":[{"embeddable":true,"href":"https:\/\/fotograf-sauer.de\/en\/wp-json\/wp\/v2\/users\/1"}],"replies":[{"embeddable":true,"href":"https:\/\/fotograf-sauer.de\/en\/wp-json\/wp\/v2\/comments?post=1316"}],"version-history":[{"count":183,"href":"https:\/\/fotograf-sauer.de\/en\/wp-json\/wp\/v2\/pages\/1316\/revisions"}],"predecessor-version":[{"id":7604,"href":"https:\/\/fotograf-sauer.de\/en\/wp-json\/wp\/v2\/pages\/1316\/revisions\/7604"}],"wp:featuredmedia":[{"embeddable":true,"href":"https:\/\/fotograf-sauer.de\/en\/wp-json\/wp\/v2\/media\/3915"}],"wp:attachment":[{"href":"https:\/\/fotograf-sauer.de\/en\/wp-json\/wp\/v2\/media?parent=1316"}],"curies":[{"name":"wp","href":"https:\/\/api.w.org\/{rel}","templated":true}]}}