{"id":254,"date":"2025-07-08T09:59:30","date_gmt":"2025-07-08T09:59:30","guid":{"rendered":"https:\/\/fotograf-sauer.de\/?page_id=254"},"modified":"2025-09-16T10:37:38","modified_gmt":"2025-09-16T10:37:38","slug":"impressum","status":"publish","type":"page","link":"https:\/\/fotograf-sauer.de\/en\/impressum\/","title":{"rendered":"Impressum"},"content":{"rendered":"\t\t<div data-elementor-type=\"wp-page\" data-elementor-id=\"254\" class=\"elementor elementor-254\" data-elementor-post-type=\"page\">\n\t\t\t\t<div class=\"elementor-element elementor-element-31aef00 e-con-full e-flex e-con e-parent\" data-id=\"31aef00\" data-element_type=\"container\">\n\t\t<div class=\"elementor-element elementor-element-26f3078 e-con-full e-flex e-con e-child\" data-id=\"26f3078\" data-element_type=\"container\" data-settings=\"{&quot;sticky&quot;:&quot;top&quot;,&quot;sticky_on&quot;:[&quot;widescreen&quot;,&quot;desktop&quot;,&quot;laptop&quot;,&quot;tablet_extra&quot;],&quot;sticky_offset&quot;:86,&quot;sticky_effects_offset&quot;:0,&quot;sticky_anchor_link_offset&quot;:0}\">\n\t\t\t\t<div class=\"elementor-element elementor-element-489508d elementor-widget elementor-widget-heading\" data-id=\"489508d\" data-element_type=\"widget\" data-widget_type=\"heading.default\">\n\t\t\t\t\t<h1 class=\"elementor-heading-title elementor-size-default\">IMPRESSUM<\/h1>\t\t\t\t<\/div>\n\t\t\t\t<\/div>\n\t\t<div class=\"elementor-element elementor-element-be29b7c e-con-full e-flex e-con e-child\" data-id=\"be29b7c\" data-element_type=\"container\">\n\t\t\t\t<div class=\"elementor-element elementor-element-1b45612 elementor-widget elementor-widget-text-editor\" data-id=\"1b45612\" data-element_type=\"widget\" data-widget_type=\"text-editor.default\">\n\t\t\t\t\t\t\t\t\t<h6>Verantwortlich f\u00fcr den Inhalt:<\/h6><p>J\u00fcrgen Sauer<br \/>Fotograf<br \/>Boosstr.9<br \/>81541 M\u00fcnchen<\/p><p>USt-IdNr. gem\u00e4\u00df \u00a727a Umsatzsteuergesetz: DE166206931<\/p><p>Email: mail[at]fotograf-sauer.de<br \/>Mobil: +49 171 833 89 89<\/p><p>Die Urheberrechte aller abgebildeten Fotografien liegen bei J\u00fcrgen Sauer<br \/>Bild\/Kunst Urh.-Nr.: 548275<\/p><p>Die Arbeiten d\u00fcrfen ohne meine ausdr\u00fcckliche, schriftliche Genehmigung weder nachgedruckt,<br \/>vervielf\u00e4ltigt, in andere Webseiten eingebunden, in Social Media ver\u00f6ffentlicht, noch in Archiven,<br \/>Sammlungen oder sonstigen Publikationen gleich welcher Art verwendet werden. Dies stellt eine<br \/>Urheberrechtsverletzung dar und wird verfolgt.<\/p><p>Haftungsausschluss gem\u00e4\u00df \u00a75 TMG<br \/><br \/><\/p><h6>Haftung f\u00fcr Inhalte:<\/h6><p>Alle Inhalte meines Internetauftritts wurden mit gr\u00f6\u00dfter Sorgfalt und nach bestem Gewissen erstellt. F\u00fcr die Richtigkeit, Vollst\u00e4ndigkeit und Aktualit\u00e4t der Inhalte kann ich jedoch keine Gew\u00e4hr \u00fcbernehmen. Als Diensteanbieter bin ich gem\u00e4\u00df \u00a7 7 Abs.1 TMG f\u00fcr eigene Inhalte auf diesen Seiten nach den allgemeinen Gesetzen verantwortlich. Nach \u00a7\u00a7 8 bis 10 TMG bin ich als Diensteanbieter jedoch nicht verpflichtet, \u00fcbermittelte oder gespeicherte fremde Informationen zu \u00fcberwachen oder nach Umst\u00e4nden zu forschen, die auf eine rechtswidrige T\u00e4tigkeit hinweisen. Verpflichtungen zur Entfernung oder Sperrung der Nutzung von Informationen nach den allgemeinen Gesetzen bleiben hiervon unber\u00fchrt.<\/p><p>Eine diesbez\u00fcgliche Haftung ist jedoch erst ab dem Zeitpunkt der Kenntniserlangung einer konkreten Rechtsverletzung m\u00f6glich. Bei Bekanntwerden von den o.g. Rechtsverletzungen werde ich diese Inhalte unverz\u00fcglich entfernen.<\/p><h6>Haftungsbeschr\u00e4nkung f\u00fcr externe Links:<\/h6><p>Diese Webseite enth\u00e4lt Links auf externe Webseiten Dritter. Auf die Inhalte dieser direkt oder indirekt verlinkten Webseiten habe ich keinen Einfluss. Daher kann ich f\u00fcr die \u201eexternen Links\u201c auch keine Gew\u00e4hr auf Richtigkeit der Inhalte \u00fcbernehmen. F\u00fcr die Inhalte der externen Links sind die jeweilige Anbieter oder Betreiber (Urheber) der Seiten verantwortlich.<\/p><p>Die externen Links wurden zum Zeitpunkt der Linksetzung auf eventuelle Rechtsverst\u00f6\u00dfe \u00fcberpr\u00fcft und waren im Zeitpunkt der Linksetzung frei von rechtswidrigen Inhalten. Eine st\u00e4ndige inhaltliche \u00dcberpr\u00fcfung der externen Links ist ohne konkrete Anhaltspunkte einer Rechtsverletzung nicht m\u00f6glich. Bei direkten oder indirekten Verlinkungen auf die Webseiten Dritter, die au\u00dferhalb meines Verantwortungsbereichs liegen, w\u00fcrde eine Haftungsverpflichtung ausschlie\u00dflich in dem Fall nur bestehen, wenn ich von den Inhalten Kenntnis erlange und es mir technisch m\u00f6glich und zumutbar w\u00e4re, die Nutzung im Falle rechtswidriger Inhalte zu verhindern.<\/p><h6>Alle Rechte vorbehalten \u2013 All rights reserved<\/h6>\t\t\t\t\t\t\t\t<\/div>\n\t\t\t\t<\/div>\n\t\t\t\t<\/div>\n\t\t\t\t<\/div>\n\t\t","protected":false},"excerpt":{"rendered":"<p>IMPRESSUM Verantwortlich f\u00fcr den Inhalt: J\u00fcrgen SauerFotografBoosstr.981541 M\u00fcnchen USt-IdNr. gem\u00e4\u00df \u00a727a Umsatzsteuergesetz: DE166206931 Email: mail[at]fotograf-sauer.deMobil: +49 171 833 89 89 Die Urheberrechte aller abgebildeten Fotografien liegen bei J\u00fcrgen SauerBild\/Kunst Urh.-Nr.: 548275 Die Arbeiten d\u00fcrfen ohne meine ausdr\u00fcckliche, schriftliche Genehmigung weder nachgedruckt,vervielf\u00e4ltigt, in andere Webseiten eingebunden, in Social Media ver\u00f6ffentlicht, noch in Archiven,Sammlungen oder sonstigen Publikationen [&hellip;]<\/p>\n","protected":false},"author":1,"featured_media":0,"parent":0,"menu_order":0,"comment_status":"closed","ping_status":"closed","template":"elementor_header_footer","meta":{"footnotes":""},"class_list":["post-254","page","type-page","status-publish","hentry"],"yoast_head":"<!-- This site is optimized with the Yoast SEO plugin v27.3 - https:\/\/yoast.com\/product\/yoast-seo-wordpress\/ -->\n<title>Impressum - Fotograf J\u00fcrgen Sauer<\/title>\n<meta name=\"robots\" content=\"index, follow, max-snippet:-1, max-image-preview:large, max-video-preview:-1\" \/>\n<link rel=\"canonical\" href=\"https:\/\/fotograf-sauer.de\/en\/impressum\/\" \/>\n<meta property=\"og:locale\" content=\"en_GB\" \/>\n<meta property=\"og:type\" content=\"article\" \/>\n<meta property=\"og:title\" content=\"Impressum - Fotograf J\u00fcrgen Sauer\" \/>\n<meta property=\"og:description\" content=\"IMPRESSUM Verantwortlich f\u00fcr den Inhalt: J\u00fcrgen SauerFotografBoosstr.981541 M\u00fcnchen USt-IdNr. gem\u00e4\u00df \u00a727a Umsatzsteuergesetz: DE166206931 Email: mail[at]fotograf-sauer.deMobil: +49 171 833 89 89 Die Urheberrechte aller abgebildeten Fotografien liegen bei J\u00fcrgen SauerBild\/Kunst Urh.-Nr.: 548275 Die Arbeiten d\u00fcrfen ohne meine ausdr\u00fcckliche, schriftliche Genehmigung weder nachgedruckt,vervielf\u00e4ltigt, in andere Webseiten eingebunden, in Social Media ver\u00f6ffentlicht, noch in Archiven,Sammlungen oder sonstigen Publikationen [&hellip;]\" \/>\n<meta property=\"og:url\" content=\"https:\/\/fotograf-sauer.de\/en\/impressum\/\" \/>\n<meta property=\"og:site_name\" content=\"Fotograf J\u00fcrgen Sauer\" \/>\n<meta property=\"article:modified_time\" content=\"2025-09-16T10:37:38+00:00\" \/>\n<meta name=\"twitter:card\" content=\"summary_large_image\" \/>\n<meta name=\"twitter:label1\" content=\"Estimated reading time\" \/>\n\t<meta name=\"twitter:data1\" content=\"2 minutes\" \/>\n<script type=\"application\/ld+json\" class=\"yoast-schema-graph\">{\"@context\":\"https:\\\/\\\/schema.org\",\"@graph\":[{\"@type\":\"WebPage\",\"@id\":\"https:\\\/\\\/fotograf-sauer.de\\\/impressum\\\/\",\"url\":\"https:\\\/\\\/fotograf-sauer.de\\\/impressum\\\/\",\"name\":\"Impressum - Fotograf J\u00fcrgen Sauer\",\"isPartOf\":{\"@id\":\"https:\\\/\\\/fotograf-sauer.de\\\/#website\"},\"datePublished\":\"2025-07-08T09:59:30+00:00\",\"dateModified\":\"2025-09-16T10:37:38+00:00\",\"breadcrumb\":{\"@id\":\"https:\\\/\\\/fotograf-sauer.de\\\/impressum\\\/#breadcrumb\"},\"inLanguage\":\"en-GB\",\"potentialAction\":[{\"@type\":\"ReadAction\",\"target\":[\"https:\\\/\\\/fotograf-sauer.de\\\/impressum\\\/\"]}]},{\"@type\":\"BreadcrumbList\",\"@id\":\"https:\\\/\\\/fotograf-sauer.de\\\/impressum\\\/#breadcrumb\",\"itemListElement\":[{\"@type\":\"ListItem\",\"position\":1,\"name\":\"Startseite\",\"item\":\"https:\\\/\\\/fotograf-sauer.de\\\/\"},{\"@type\":\"ListItem\",\"position\":2,\"name\":\"Impressum\"}]},{\"@type\":\"WebSite\",\"@id\":\"https:\\\/\\\/fotograf-sauer.de\\\/#website\",\"url\":\"https:\\\/\\\/fotograf-sauer.de\\\/\",\"name\":\"Fotograf J\u00fcrgen Sauer\",\"description\":\"\",\"publisher\":{\"@id\":\"https:\\\/\\\/fotograf-sauer.de\\\/#\\\/schema\\\/person\\\/a602ee01fb827d95fa97f0fb8cbc11fc\"},\"potentialAction\":[{\"@type\":\"SearchAction\",\"target\":{\"@type\":\"EntryPoint\",\"urlTemplate\":\"https:\\\/\\\/fotograf-sauer.de\\\/?s={search_term_string}\"},\"query-input\":{\"@type\":\"PropertyValueSpecification\",\"valueRequired\":true,\"valueName\":\"search_term_string\"}}],\"inLanguage\":\"en-GB\"},{\"@type\":[\"Person\",\"Organization\"],\"@id\":\"https:\\\/\\\/fotograf-sauer.de\\\/#\\\/schema\\\/person\\\/a602ee01fb827d95fa97f0fb8cbc11fc\",\"name\":\"AdminJuergen\",\"image\":{\"@type\":\"ImageObject\",\"inLanguage\":\"en-GB\",\"@id\":\"https:\\\/\\\/fotograf-sauer.de\\\/wp-content\\\/uploads\\\/2025\\\/08\\\/Fotograf-Juergen-Sauer.png\",\"url\":\"https:\\\/\\\/fotograf-sauer.de\\\/wp-content\\\/uploads\\\/2025\\\/08\\\/Fotograf-Juergen-Sauer.png\",\"contentUrl\":\"https:\\\/\\\/fotograf-sauer.de\\\/wp-content\\\/uploads\\\/2025\\\/08\\\/Fotograf-Juergen-Sauer.png\",\"width\":300,\"height\":300,\"caption\":\"AdminJuergen\"},\"logo\":{\"@id\":\"https:\\\/\\\/fotograf-sauer.de\\\/wp-content\\\/uploads\\\/2025\\\/08\\\/Fotograf-Juergen-Sauer.png\"}}]}<\/script>\n<!-- \/ Yoast SEO plugin. -->","yoast_head_json":{"title":"Impressum - Fotograf J\u00fcrgen Sauer","robots":{"index":"index","follow":"follow","max-snippet":"max-snippet:-1","max-image-preview":"max-image-preview:large","max-video-preview":"max-video-preview:-1"},"canonical":"https:\/\/fotograf-sauer.de\/en\/impressum\/","og_locale":"en_GB","og_type":"article","og_title":"Impressum - Fotograf J\u00fcrgen Sauer","og_description":"IMPRESSUM Verantwortlich f\u00fcr den Inhalt: J\u00fcrgen SauerFotografBoosstr.981541 M\u00fcnchen USt-IdNr. gem\u00e4\u00df \u00a727a Umsatzsteuergesetz: DE166206931 Email: mail[at]fotograf-sauer.deMobil: +49 171 833 89 89 Die Urheberrechte aller abgebildeten Fotografien liegen bei J\u00fcrgen SauerBild\/Kunst Urh.-Nr.: 548275 Die Arbeiten d\u00fcrfen ohne meine ausdr\u00fcckliche, schriftliche Genehmigung weder nachgedruckt,vervielf\u00e4ltigt, in andere Webseiten eingebunden, in Social Media ver\u00f6ffentlicht, noch in Archiven,Sammlungen oder sonstigen Publikationen [&hellip;]","og_url":"https:\/\/fotograf-sauer.de\/en\/impressum\/","og_site_name":"Fotograf J\u00fcrgen Sauer","article_modified_time":"2025-09-16T10:37:38+00:00","twitter_card":"summary_large_image","twitter_misc":{"Estimated reading time":"2 minutes"},"schema":{"@context":"https:\/\/schema.org","@graph":[{"@type":"WebPage","@id":"https:\/\/fotograf-sauer.de\/impressum\/","url":"https:\/\/fotograf-sauer.de\/impressum\/","name":"Impressum - Fotograf J\u00fcrgen Sauer","isPartOf":{"@id":"https:\/\/fotograf-sauer.de\/#website"},"datePublished":"2025-07-08T09:59:30+00:00","dateModified":"2025-09-16T10:37:38+00:00","breadcrumb":{"@id":"https:\/\/fotograf-sauer.de\/impressum\/#breadcrumb"},"inLanguage":"en-GB","potentialAction":[{"@type":"ReadAction","target":["https:\/\/fotograf-sauer.de\/impressum\/"]}]},{"@type":"BreadcrumbList","@id":"https:\/\/fotograf-sauer.de\/impressum\/#breadcrumb","itemListElement":[{"@type":"ListItem","position":1,"name":"Startseite","item":"https:\/\/fotograf-sauer.de\/"},{"@type":"ListItem","position":2,"name":"Impressum"}]},{"@type":"WebSite","@id":"https:\/\/fotograf-sauer.de\/#website","url":"https:\/\/fotograf-sauer.de\/","name":"Fotograf J\u00fcrgen Sauer","description":"","publisher":{"@id":"https:\/\/fotograf-sauer.de\/#\/schema\/person\/a602ee01fb827d95fa97f0fb8cbc11fc"},"potentialAction":[{"@type":"SearchAction","target":{"@type":"EntryPoint","urlTemplate":"https:\/\/fotograf-sauer.de\/?s={search_term_string}"},"query-input":{"@type":"PropertyValueSpecification","valueRequired":true,"valueName":"search_term_string"}}],"inLanguage":"en-GB"},{"@type":["Person","Organization"],"@id":"https:\/\/fotograf-sauer.de\/#\/schema\/person\/a602ee01fb827d95fa97f0fb8cbc11fc","name":"AdminJuergen","image":{"@type":"ImageObject","inLanguage":"en-GB","@id":"https:\/\/fotograf-sauer.de\/wp-content\/uploads\/2025\/08\/Fotograf-Juergen-Sauer.png","url":"https:\/\/fotograf-sauer.de\/wp-content\/uploads\/2025\/08\/Fotograf-Juergen-Sauer.png","contentUrl":"https:\/\/fotograf-sauer.de\/wp-content\/uploads\/2025\/08\/Fotograf-Juergen-Sauer.png","width":300,"height":300,"caption":"AdminJuergen"},"logo":{"@id":"https:\/\/fotograf-sauer.de\/wp-content\/uploads\/2025\/08\/Fotograf-Juergen-Sauer.png"}}]}},"_links":{"self":[{"href":"https:\/\/fotograf-sauer.de\/en\/wp-json\/wp\/v2\/pages\/254","targetHints":{"allow":["GET"]}}],"collection":[{"href":"https:\/\/fotograf-sauer.de\/en\/wp-json\/wp\/v2\/pages"}],"about":[{"href":"https:\/\/fotograf-sauer.de\/en\/wp-json\/wp\/v2\/types\/page"}],"author":[{"embeddable":true,"href":"https:\/\/fotograf-sauer.de\/en\/wp-json\/wp\/v2\/users\/1"}],"replies":[{"embeddable":true,"href":"https:\/\/fotograf-sauer.de\/en\/wp-json\/wp\/v2\/comments?post=254"}],"version-history":[{"count":34,"href":"https:\/\/fotograf-sauer.de\/en\/wp-json\/wp\/v2\/pages\/254\/revisions"}],"predecessor-version":[{"id":6615,"href":"https:\/\/fotograf-sauer.de\/en\/wp-json\/wp\/v2\/pages\/254\/revisions\/6615"}],"wp:attachment":[{"href":"https:\/\/fotograf-sauer.de\/en\/wp-json\/wp\/v2\/media?parent=254"}],"curies":[{"name":"wp","href":"https:\/\/api.w.org\/{rel}","templated":true}]}}