{"id":7617,"date":"2026-04-09T17:15:47","date_gmt":"2026-04-09T17:15:47","guid":{"rendered":"https:\/\/fotograf-sauer.de\/?page_id=7617"},"modified":"2026-04-10T13:04:38","modified_gmt":"2026-04-10T13:04:38","slug":"sansibar","status":"publish","type":"page","link":"https:\/\/fotograf-sauer.de\/en\/sansibar\/","title":{"rendered":"Sansibar"},"content":{"rendered":"<div data-elementor-type=\"wp-page\" data-elementor-id=\"7617\" class=\"elementor elementor-7617\" data-elementor-post-type=\"page\">\n\t\t\t\t<div class=\"elementor-element elementor-element-31aef00 e-con-full e-flex e-con e-parent\" data-id=\"31aef00\" data-element_type=\"container\">\n\t\t<div class=\"elementor-element elementor-element-26f3078 e-con-full e-flex e-con e-child\" data-id=\"26f3078\" data-element_type=\"container\">\n\t\t\t\t<div class=\"elementor-element elementor-element-489508d elementor-hidden-mobile_extra elementor-hidden-mobile elementor-widget elementor-widget-heading\" data-id=\"489508d\" data-element_type=\"widget\" data-widget_type=\"heading.default\">\n\t\t\t\t\t<h1 class=\"elementor-heading-title elementor-size-default\">Sansibar<\/h1>\t\t\t\t<\/div>\n\t\t\t\t<div class=\"elementor-element elementor-element-1b45612 elementor-hidden-tablet_extra elementor-hidden-tablet elementor-hidden-mobile_extra elementor-hidden-mobile elementor-widget elementor-widget-text-editor\" data-id=\"1b45612\" data-element_type=\"widget\" data-widget_type=\"text-editor.default\">\n\t\t\t\t\t\t\t\t\t<p>Undoubtedly one of the most beautiful places in the world: the Tanzanian island of Zanzibar, situated in the Indian Ocean.<\/p><p>My extended journey to Africa in the 1980s took me from Egypt all the way down to Zimbabwe, passing through Tanzania along the way. But I hadn\u2019t visited Zanzibar back then, something I often regretted later on.<\/p><p>Just in time for the millennium, I finally made up for it. Not as a photography project, just as a long-awaited holiday.<\/p><p>Nevertheless, to this day the few photographs taken during that time, particularly the one of the three women harvesting kelp, remain among my favourite photos. Although they are simple seaweed farmers \u2013 \u2018Wakulima wa Mwani\u2019 in Swahili \u2013 they radiate incredible dignity.<\/p><p>In an alleyway in Stone Town, however, an almost surreal sight unfolded: people were playing on a luxurious, high-gloss pool table, whilst the houses around them were slowly crumbling in the tropical climate.<\/p><p>On enquiry, I learnt that it had been manufactured in a neighbouring workshop and that the craftsmen had indulged themselves to a game before delivering it to a hotel.<\/p>\t\t\t\t\t\t\t\t<\/div>\n\t\t\t\t<\/div>\n\t\t<div class=\"elementor-element elementor-element-be29b7c e-con-full e-flex e-con e-child\" data-id=\"be29b7c\" data-element_type=\"container\">\n\t\t\t\t<div class=\"elementor-element elementor-element-68b6b43 elementor-widget elementor-widget-gallery\" data-id=\"68b6b43\" data-element_type=\"widget\" data-settings=\"{&quot;gap&quot;:{&quot;unit&quot;:&quot;px&quot;,&quot;size&quot;:2,&quot;sizes&quot;:[]},&quot;columns_tablet_extra&quot;:4,&quot;gap_laptop&quot;:{&quot;unit&quot;:&quot;px&quot;,&quot;size&quot;:2,&quot;sizes&quot;:[]},&quot;gap_tablet_extra&quot;:{&quot;unit&quot;:&quot;px&quot;,&quot;size&quot;:2,&quot;sizes&quot;:[]},&quot;gap_tablet&quot;:{&quot;unit&quot;:&quot;px&quot;,&quot;size&quot;:2,&quot;sizes&quot;:[]},&quot;gap_mobile_extra&quot;:{&quot;unit&quot;:&quot;px&quot;,&quot;size&quot;:2,&quot;sizes&quot;:[]},&quot;gap_mobile&quot;:{&quot;unit&quot;:&quot;px&quot;,&quot;size&quot;:2,&quot;sizes&quot;:[]},&quot;gallery_layout&quot;:&quot;masonry&quot;,&quot;columns_tablet&quot;:1,&quot;columns_mobile_extra&quot;:2,&quot;columns_laptop&quot;:4,&quot;lazyload&quot;:&quot;yes&quot;,&quot;columns&quot;:4,&quot;columns_mobile&quot;:1,&quot;gap_widescreen&quot;:{&quot;unit&quot;:&quot;px&quot;,&quot;size&quot;:&quot;&quot;,&quot;sizes&quot;:[]},&quot;link_to&quot;:&quot;file&quot;,&quot;overlay_background&quot;:&quot;yes&quot;,&quot;content_hover_animation&quot;:&quot;fade-in&quot;}\" data-widget_type=\"gallery.default\">\n\t\t\t\t\t\t\t<div class=\"elementor-gallery__container\">\n\t\t\t\t\t\t\t<a class=\"e-gallery-item elementor-gallery-item elementor-animated-content\" href=\"https:\/\/fotograf-sauer.de\/wp-content\/uploads\/2026\/04\/sansibar-09.jpg\" data-elementor-open-lightbox=\"yes\" data-elementor-lightbox-slideshow=\"68b6b43\" data-e-action-hash=\"#elementor-action%3Aaction%3Dlightbox%26settings%3DeyJpZCI6NzYxNSwidXJsIjoiaHR0cHM6XC9cL2ZvdG9ncmFmLXNhdWVyLmRlXC93cC1jb250ZW50XC91cGxvYWRzXC8yMDI2XC8wNFwvc2Fuc2liYXItMDkuanBnIiwic2xpZGVzaG93IjoiNjhiNmI0MyJ9\">\n\t\t\t\t\t<div class=\"e-gallery-image elementor-gallery-item__image\" data-thumbnail=\"https:\/\/fotograf-sauer.de\/wp-content\/uploads\/2026\/04\/sansibar-09.jpg\" data-width=\"1200\" data-height=\"1604\" aria-label=\"Auf dem Markt von Stone Town, der Hauptstadt der Insel Sansibar, Tansania.\" role=\"img\" ><\/div>\n\t\t\t\t\t\t\t\t\t\t\t<div class=\"elementor-gallery-item__overlay\"><\/div>\n\t\t\t\t\t\t\t\t\t\t\t\t\t\t<\/a>\n\t\t\t\t\t\t\t<a class=\"e-gallery-item elementor-gallery-item elementor-animated-content\" href=\"https:\/\/fotograf-sauer.de\/wp-content\/uploads\/2026\/04\/sansibar-06.jpg\" data-elementor-open-lightbox=\"yes\" data-elementor-lightbox-slideshow=\"68b6b43\" data-e-action-hash=\"#elementor-action%3Aaction%3Dlightbox%26settings%3DeyJpZCI6NzYxMiwidXJsIjoiaHR0cHM6XC9cL2ZvdG9ncmFmLXNhdWVyLmRlXC93cC1jb250ZW50XC91cGxvYWRzXC8yMDI2XC8wNFwvc2Fuc2liYXItMDYuanBnIiwic2xpZGVzaG93IjoiNjhiNmI0MyJ9\">\n\t\t\t\t\t<div class=\"e-gallery-image elementor-gallery-item__image\" data-thumbnail=\"https:\/\/fotograf-sauer.de\/wp-content\/uploads\/2026\/04\/sansibar-06.jpg\" data-width=\"1800\" data-height=\"1200\" aria-label=\"Seetangb\u00e4uerinnen, \u201eWakulima wa Mwani\u201c auf der Insel Sansibar, Tansania.\" role=\"img\" ><\/div>\n\t\t\t\t\t\t\t\t\t\t\t<div class=\"elementor-gallery-item__overlay\"><\/div>\n\t\t\t\t\t\t\t\t\t\t\t\t\t\t<\/a>\n\t\t\t\t\t\t\t<a class=\"e-gallery-item elementor-gallery-item elementor-animated-content\" href=\"https:\/\/fotograf-sauer.de\/wp-content\/uploads\/2026\/04\/sansibar-14.jpg\" data-elementor-open-lightbox=\"yes\" data-elementor-lightbox-slideshow=\"68b6b43\" data-e-action-hash=\"#elementor-action%3Aaction%3Dlightbox%26settings%3DeyJpZCI6NzcwMSwidXJsIjoiaHR0cHM6XC9cL2ZvdG9ncmFmLXNhdWVyLmRlXC93cC1jb250ZW50XC91cGxvYWRzXC8yMDI2XC8wNFwvc2Fuc2liYXItMTQuanBnIiwic2xpZGVzaG93IjoiNjhiNmI0MyJ9\">\n\t\t\t\t\t<div class=\"e-gallery-image elementor-gallery-item__image\" data-thumbnail=\"https:\/\/fotograf-sauer.de\/wp-content\/uploads\/2026\/04\/sansibar-14.jpg\" data-width=\"1800\" data-height=\"1200\" aria-label=\"Billard Spiel in den Gassen von Stone Town, Hauptstadt der Insel Sansibar, Tansania.\" role=\"img\" ><\/div>\n\t\t\t\t\t\t\t\t\t\t\t<div class=\"elementor-gallery-item__overlay\"><\/div>\n\t\t\t\t\t\t\t\t\t\t\t\t\t\t<\/a>\n\t\t\t\t\t\t\t<a class=\"e-gallery-item elementor-gallery-item elementor-animated-content\" href=\"https:\/\/fotograf-sauer.de\/wp-content\/uploads\/2026\/04\/sansibar-04.jpg\" data-elementor-open-lightbox=\"yes\" data-elementor-lightbox-slideshow=\"68b6b43\" data-e-action-hash=\"#elementor-action%3Aaction%3Dlightbox%26settings%3DeyJpZCI6NzYxMCwidXJsIjoiaHR0cHM6XC9cL2ZvdG9ncmFmLXNhdWVyLmRlXC93cC1jb250ZW50XC91cGxvYWRzXC8yMDI2XC8wNFwvc2Fuc2liYXItMDQuanBnIiwic2xpZGVzaG93IjoiNjhiNmI0MyJ9\">\n\t\t\t\t\t<div class=\"e-gallery-image elementor-gallery-item__image\" data-thumbnail=\"https:\/\/fotograf-sauer.de\/wp-content\/uploads\/2026\/04\/sansibar-04.jpg\" data-width=\"1800\" data-height=\"1200\" aria-label=\"Kinder trommeln auf leeren Dosen und Plastikflaschen am Strand der Insel Sansibar, Tansania.\" role=\"img\" ><\/div>\n\t\t\t\t\t\t\t\t\t\t\t<div class=\"elementor-gallery-item__overlay\"><\/div>\n\t\t\t\t\t\t\t\t\t\t\t\t\t\t<\/a>\n\t\t\t\t\t\t\t<a class=\"e-gallery-item elementor-gallery-item elementor-animated-content\" href=\"https:\/\/fotograf-sauer.de\/wp-content\/uploads\/2026\/04\/sansibar-15.jpg\" data-elementor-open-lightbox=\"yes\" data-elementor-lightbox-slideshow=\"68b6b43\" data-e-action-hash=\"#elementor-action%3Aaction%3Dlightbox%26settings%3DeyJpZCI6NzcwMiwidXJsIjoiaHR0cHM6XC9cL2ZvdG9ncmFmLXNhdWVyLmRlXC93cC1jb250ZW50XC91cGxvYWRzXC8yMDI2XC8wNFwvc2Fuc2liYXItMTUuanBnIiwic2xpZGVzaG93IjoiNjhiNmI0MyJ9\">\n\t\t\t\t\t<div class=\"e-gallery-image elementor-gallery-item__image\" data-thumbnail=\"https:\/\/fotograf-sauer.de\/wp-content\/uploads\/2026\/04\/sansibar-15.jpg\" data-width=\"1800\" data-height=\"1200\" aria-label=\"Koranschule f\u00fcr M\u00e4dchen in einem Dorf auf der Insel Sansibar, Tansania.\" role=\"img\" ><\/div>\n\t\t\t\t\t\t\t\t\t\t\t<div class=\"elementor-gallery-item__overlay\"><\/div>\n\t\t\t\t\t\t\t\t\t\t\t\t\t\t<\/a>\n\t\t\t\t\t\t\t<a class=\"e-gallery-item elementor-gallery-item elementor-animated-content\" href=\"https:\/\/fotograf-sauer.de\/wp-content\/uploads\/2026\/04\/sansibar-16.jpg\" data-elementor-open-lightbox=\"yes\" data-elementor-lightbox-slideshow=\"68b6b43\" data-e-action-hash=\"#elementor-action%3Aaction%3Dlightbox%26settings%3DeyJpZCI6NzcwMywidXJsIjoiaHR0cHM6XC9cL2ZvdG9ncmFmLXNhdWVyLmRlXC93cC1jb250ZW50XC91cGxvYWRzXC8yMDI2XC8wNFwvc2Fuc2liYXItMTYuanBnIiwic2xpZGVzaG93IjoiNjhiNmI0MyJ9\">\n\t\t\t\t\t<div class=\"e-gallery-image elementor-gallery-item__image\" data-thumbnail=\"https:\/\/fotograf-sauer.de\/wp-content\/uploads\/2026\/04\/sansibar-16.jpg\" data-width=\"1800\" data-height=\"1200\" aria-label=\"Stra\u00dfenszene in Stone Town, der Hauptstadt der Insel Sansibar, Tansania.\" role=\"img\" ><\/div>\n\t\t\t\t\t\t\t\t\t\t\t<div class=\"elementor-gallery-item__overlay\"><\/div>\n\t\t\t\t\t\t\t\t\t\t\t\t\t\t<\/a>\n\t\t\t\t\t\t\t<a class=\"e-gallery-item elementor-gallery-item elementor-animated-content\" href=\"https:\/\/fotograf-sauer.de\/wp-content\/uploads\/2026\/04\/sansibar-08.jpg\" data-elementor-open-lightbox=\"yes\" data-elementor-lightbox-slideshow=\"68b6b43\" data-e-action-hash=\"#elementor-action%3Aaction%3Dlightbox%26settings%3DeyJpZCI6NzYxNCwidXJsIjoiaHR0cHM6XC9cL2ZvdG9ncmFmLXNhdWVyLmRlXC93cC1jb250ZW50XC91cGxvYWRzXC8yMDI2XC8wNFwvc2Fuc2liYXItMDguanBnIiwic2xpZGVzaG93IjoiNjhiNmI0MyJ9\">\n\t\t\t\t\t<div class=\"e-gallery-image elementor-gallery-item__image\" data-thumbnail=\"https:\/\/fotograf-sauer.de\/wp-content\/uploads\/2026\/04\/sansibar-08.jpg\" data-width=\"1200\" data-height=\"1604\" aria-label=\"Alte verzierte arabische T\u00fcr in Stone Town, der Hauptstadt der Insel Sansibar, Tansania.\" role=\"img\" ><\/div>\n\t\t\t\t\t\t\t\t\t\t\t<div class=\"elementor-gallery-item__overlay\"><\/div>\n\t\t\t\t\t\t\t\t\t\t\t\t\t\t<\/a>\n\t\t\t\t\t\t\t<a class=\"e-gallery-item elementor-gallery-item elementor-animated-content\" href=\"https:\/\/fotograf-sauer.de\/wp-content\/uploads\/2026\/04\/sansibar-03.jpg\" data-elementor-open-lightbox=\"yes\" data-elementor-lightbox-slideshow=\"68b6b43\" data-e-action-hash=\"#elementor-action%3Aaction%3Dlightbox%26settings%3DeyJpZCI6NzYwOSwidXJsIjoiaHR0cHM6XC9cL2ZvdG9ncmFmLXNhdWVyLmRlXC93cC1jb250ZW50XC91cGxvYWRzXC8yMDI2XC8wNFwvc2Fuc2liYXItMDMuanBnIiwic2xpZGVzaG93IjoiNjhiNmI0MyJ9\">\n\t\t\t\t\t<div class=\"e-gallery-image elementor-gallery-item__image\" data-thumbnail=\"https:\/\/fotograf-sauer.de\/wp-content\/uploads\/2026\/04\/sansibar-03.jpg\" data-width=\"1800\" data-height=\"1200\" aria-label=\"Jugendliche spielen Fu\u00dfball am Strand von StoneTown, der Hauptstadt der Insel Sansibar, Tansania.\" role=\"img\" ><\/div>\n\t\t\t\t\t\t\t\t\t\t\t<div class=\"elementor-gallery-item__overlay\"><\/div>\n\t\t\t\t\t\t\t\t\t\t\t\t\t\t<\/a>\n\t\t\t\t\t\t\t<a class=\"e-gallery-item elementor-gallery-item elementor-animated-content\" href=\"https:\/\/fotograf-sauer.de\/wp-content\/uploads\/2026\/04\/sansibar-01.jpg\" data-elementor-open-lightbox=\"yes\" data-elementor-lightbox-slideshow=\"68b6b43\" data-e-action-hash=\"#elementor-action%3Aaction%3Dlightbox%26settings%3DeyJpZCI6NzYwNywidXJsIjoiaHR0cHM6XC9cL2ZvdG9ncmFmLXNhdWVyLmRlXC93cC1jb250ZW50XC91cGxvYWRzXC8yMDI2XC8wNFwvc2Fuc2liYXItMDEuanBnIiwic2xpZGVzaG93IjoiNjhiNmI0MyJ9\">\n\t\t\t\t\t<div class=\"e-gallery-image elementor-gallery-item__image\" data-thumbnail=\"https:\/\/fotograf-sauer.de\/wp-content\/uploads\/2026\/04\/sansibar-01.jpg\" data-width=\"1800\" data-height=\"1200\" aria-label=\"Gebet \u00fcber den D\u00e4chern von Stone Town, der Hauptstadt der Insel Sansibar, Tansania.\" role=\"img\" ><\/div>\n\t\t\t\t\t\t\t\t\t\t\t<div class=\"elementor-gallery-item__overlay\"><\/div>\n\t\t\t\t\t\t\t\t\t\t\t\t\t\t<\/a>\n\t\t\t\t\t\t\t<a class=\"e-gallery-item elementor-gallery-item elementor-animated-content\" href=\"https:\/\/fotograf-sauer.de\/wp-content\/uploads\/2026\/04\/sansibar-05.jpg\" data-elementor-open-lightbox=\"yes\" data-elementor-lightbox-slideshow=\"68b6b43\" data-e-action-hash=\"#elementor-action%3Aaction%3Dlightbox%26settings%3DeyJpZCI6NzYxMSwidXJsIjoiaHR0cHM6XC9cL2ZvdG9ncmFmLXNhdWVyLmRlXC93cC1jb250ZW50XC91cGxvYWRzXC8yMDI2XC8wNFwvc2Fuc2liYXItMDUuanBnIiwic2xpZGVzaG93IjoiNjhiNmI0MyJ9\">\n\t\t\t\t\t<div class=\"e-gallery-image elementor-gallery-item__image\" data-thumbnail=\"https:\/\/fotograf-sauer.de\/wp-content\/uploads\/2026\/04\/sansibar-05.jpg\" data-width=\"1800\" data-height=\"1200\" aria-label=\"Fischerboot an der Ostk\u00fcste der Insel Sansibar, Tansania.\" role=\"img\" ><\/div>\n\t\t\t\t\t\t\t\t\t\t\t<div class=\"elementor-gallery-item__overlay\"><\/div>\n\t\t\t\t\t\t\t\t\t\t\t\t\t\t<\/a>\n\t\t\t\t\t<\/div>\n\t\t\t\t\t<\/div>\n\t\t\t\t<\/div>\n\t\t\t\t<\/div>\n\t\t\t\t<\/div>","protected":false},"excerpt":{"rendered":"<p>Sansibar Sicher einer der sch\u00f6nsten Orte der Welt: die zu Tansania geh\u00f6rende Insel Sansibar im Indischen Ozean. Meine ausgedehnte Afrika-Reise in den Achtzigern f\u00fchrte mich von \u00c4gypten bis hinunter nach Simbabwe und dabei auch durch Tansania. Aber Sansibar hatte ich damals noch nicht besucht, was ich sp\u00e4ter oft bedauerte. P\u00fcnktlich zum Millenium holte ich das [&hellip;]<\/p>\n","protected":false},"author":2,"featured_media":3920,"parent":0,"menu_order":0,"comment_status":"closed","ping_status":"closed","template":"","meta":{"footnotes":""},"class_list":["post-7617","page","type-page","status-publish","has-post-thumbnail","hentry"],"yoast_head":"<!-- This site is optimized with the Yoast SEO plugin v27.3 - https:\/\/yoast.com\/product\/yoast-seo-wordpress\/ -->\n<title>Sansibar - Fotograf J\u00fcrgen Sauer<\/title>\n<meta name=\"description\" content=\"Impressionen von der Tansanischen Insel Sansibar im Indischen Ozean von Fotograf J\u00fcrgen Sauer aus M\u00fcnchen.\" \/>\n<meta name=\"robots\" content=\"index, follow, max-snippet:-1, max-image-preview:large, max-video-preview:-1\" \/>\n<link rel=\"canonical\" href=\"https:\/\/fotograf-sauer.de\/en\/sansibar\/\" \/>\n<meta property=\"og:locale\" content=\"en_GB\" \/>\n<meta property=\"og:type\" content=\"article\" \/>\n<meta property=\"og:title\" content=\"Sansibar - Fotograf J\u00fcrgen Sauer\" \/>\n<meta property=\"og:description\" content=\"Impressionen von der Tansanischen Insel Sansibar im Indischen Ozean von Fotograf J\u00fcrgen Sauer aus M\u00fcnchen.\" \/>\n<meta property=\"og:url\" content=\"https:\/\/fotograf-sauer.de\/en\/sansibar\/\" \/>\n<meta property=\"og:site_name\" content=\"Fotograf J\u00fcrgen Sauer\" \/>\n<meta property=\"article:modified_time\" content=\"2026-04-10T13:04:38+00:00\" \/>\n<meta property=\"og:image\" content=\"https:\/\/fotograf-sauer.de\/wp-content\/uploads\/2025\/08\/13-fotograf-juergen-sauer-snapshots-sansibar.jpg\" \/>\n\t<meta property=\"og:image:width\" content=\"600\" \/>\n\t<meta property=\"og:image:height\" content=\"600\" \/>\n\t<meta property=\"og:image:type\" content=\"image\/jpeg\" \/>\n<meta name=\"twitter:card\" content=\"summary_large_image\" \/>\n<meta name=\"twitter:label1\" content=\"Estimated reading time\" \/>\n\t<meta name=\"twitter:data1\" content=\"2 minutes\" \/>\n<script type=\"application\/ld+json\" class=\"yoast-schema-graph\">{\"@context\":\"https:\\\/\\\/schema.org\",\"@graph\":[{\"@type\":\"WebPage\",\"@id\":\"https:\\\/\\\/fotograf-sauer.de\\\/sansibar\\\/\",\"url\":\"https:\\\/\\\/fotograf-sauer.de\\\/sansibar\\\/\",\"name\":\"Sansibar - Fotograf J\u00fcrgen Sauer\",\"isPartOf\":{\"@id\":\"https:\\\/\\\/fotograf-sauer.de\\\/#website\"},\"primaryImageOfPage\":{\"@id\":\"https:\\\/\\\/fotograf-sauer.de\\\/sansibar\\\/#primaryimage\"},\"image\":{\"@id\":\"https:\\\/\\\/fotograf-sauer.de\\\/sansibar\\\/#primaryimage\"},\"thumbnailUrl\":\"https:\\\/\\\/fotograf-sauer.de\\\/wp-content\\\/uploads\\\/2025\\\/08\\\/13-fotograf-juergen-sauer-snapshots-sansibar.jpg\",\"datePublished\":\"2026-04-09T17:15:47+00:00\",\"dateModified\":\"2026-04-10T13:04:38+00:00\",\"description\":\"Impressionen von der Tansanischen Insel Sansibar im Indischen Ozean von Fotograf J\u00fcrgen Sauer aus M\u00fcnchen.\",\"breadcrumb\":{\"@id\":\"https:\\\/\\\/fotograf-sauer.de\\\/sansibar\\\/#breadcrumb\"},\"inLanguage\":\"en-GB\",\"potentialAction\":[{\"@type\":\"ReadAction\",\"target\":[\"https:\\\/\\\/fotograf-sauer.de\\\/sansibar\\\/\"]}]},{\"@type\":\"ImageObject\",\"inLanguage\":\"en-GB\",\"@id\":\"https:\\\/\\\/fotograf-sauer.de\\\/sansibar\\\/#primaryimage\",\"url\":\"https:\\\/\\\/fotograf-sauer.de\\\/wp-content\\\/uploads\\\/2025\\\/08\\\/13-fotograf-juergen-sauer-snapshots-sansibar.jpg\",\"contentUrl\":\"https:\\\/\\\/fotograf-sauer.de\\\/wp-content\\\/uploads\\\/2025\\\/08\\\/13-fotograf-juergen-sauer-snapshots-sansibar.jpg\",\"width\":600,\"height\":600,\"caption\":\"Algenb\u00e4uerinnen 'Wakulima wa Mwani' in Swahili bei der Ernte, aus der Serie Sansibars von Fotograf J\u00fcrgen Sauer\"},{\"@type\":\"BreadcrumbList\",\"@id\":\"https:\\\/\\\/fotograf-sauer.de\\\/sansibar\\\/#breadcrumb\",\"itemListElement\":[{\"@type\":\"ListItem\",\"position\":1,\"name\":\"Startseite\",\"item\":\"https:\\\/\\\/fotograf-sauer.de\\\/\"},{\"@type\":\"ListItem\",\"position\":2,\"name\":\"Sansibar\"}]},{\"@type\":\"WebSite\",\"@id\":\"https:\\\/\\\/fotograf-sauer.de\\\/#website\",\"url\":\"https:\\\/\\\/fotograf-sauer.de\\\/\",\"name\":\"Fotograf J\u00fcrgen Sauer\",\"description\":\"\",\"publisher\":{\"@id\":\"https:\\\/\\\/fotograf-sauer.de\\\/#\\\/schema\\\/person\\\/a602ee01fb827d95fa97f0fb8cbc11fc\"},\"potentialAction\":[{\"@type\":\"SearchAction\",\"target\":{\"@type\":\"EntryPoint\",\"urlTemplate\":\"https:\\\/\\\/fotograf-sauer.de\\\/?s={search_term_string}\"},\"query-input\":{\"@type\":\"PropertyValueSpecification\",\"valueRequired\":true,\"valueName\":\"search_term_string\"}}],\"inLanguage\":\"en-GB\"},{\"@type\":[\"Person\",\"Organization\"],\"@id\":\"https:\\\/\\\/fotograf-sauer.de\\\/#\\\/schema\\\/person\\\/a602ee01fb827d95fa97f0fb8cbc11fc\",\"name\":\"AdminJuergen\",\"image\":{\"@type\":\"ImageObject\",\"inLanguage\":\"en-GB\",\"@id\":\"https:\\\/\\\/fotograf-sauer.de\\\/wp-content\\\/uploads\\\/2025\\\/08\\\/Fotograf-Juergen-Sauer.png\",\"url\":\"https:\\\/\\\/fotograf-sauer.de\\\/wp-content\\\/uploads\\\/2025\\\/08\\\/Fotograf-Juergen-Sauer.png\",\"contentUrl\":\"https:\\\/\\\/fotograf-sauer.de\\\/wp-content\\\/uploads\\\/2025\\\/08\\\/Fotograf-Juergen-Sauer.png\",\"width\":300,\"height\":300,\"caption\":\"AdminJuergen\"},\"logo\":{\"@id\":\"https:\\\/\\\/fotograf-sauer.de\\\/wp-content\\\/uploads\\\/2025\\\/08\\\/Fotograf-Juergen-Sauer.png\"}}]}<\/script>\n<!-- \/ Yoast SEO plugin. -->","yoast_head_json":{"title":"Sansibar - Fotograf J\u00fcrgen Sauer","description":"Impressionen von der Tansanischen Insel Sansibar im Indischen Ozean von Fotograf J\u00fcrgen Sauer aus M\u00fcnchen.","robots":{"index":"index","follow":"follow","max-snippet":"max-snippet:-1","max-image-preview":"max-image-preview:large","max-video-preview":"max-video-preview:-1"},"canonical":"https:\/\/fotograf-sauer.de\/en\/sansibar\/","og_locale":"en_GB","og_type":"article","og_title":"Sansibar - Fotograf J\u00fcrgen Sauer","og_description":"Impressionen von der Tansanischen Insel Sansibar im Indischen Ozean von Fotograf J\u00fcrgen Sauer aus M\u00fcnchen.","og_url":"https:\/\/fotograf-sauer.de\/en\/sansibar\/","og_site_name":"Fotograf J\u00fcrgen Sauer","article_modified_time":"2026-04-10T13:04:38+00:00","og_image":[{"width":600,"height":600,"url":"https:\/\/fotograf-sauer.de\/wp-content\/uploads\/2025\/08\/13-fotograf-juergen-sauer-snapshots-sansibar.jpg","type":"image\/jpeg"}],"twitter_card":"summary_large_image","twitter_misc":{"Estimated reading time":"2 minutes"},"schema":{"@context":"https:\/\/schema.org","@graph":[{"@type":"WebPage","@id":"https:\/\/fotograf-sauer.de\/sansibar\/","url":"https:\/\/fotograf-sauer.de\/sansibar\/","name":"Sansibar - Fotograf J\u00fcrgen Sauer","isPartOf":{"@id":"https:\/\/fotograf-sauer.de\/#website"},"primaryImageOfPage":{"@id":"https:\/\/fotograf-sauer.de\/sansibar\/#primaryimage"},"image":{"@id":"https:\/\/fotograf-sauer.de\/sansibar\/#primaryimage"},"thumbnailUrl":"https:\/\/fotograf-sauer.de\/wp-content\/uploads\/2025\/08\/13-fotograf-juergen-sauer-snapshots-sansibar.jpg","datePublished":"2026-04-09T17:15:47+00:00","dateModified":"2026-04-10T13:04:38+00:00","description":"Impressionen von der Tansanischen Insel Sansibar im Indischen Ozean von Fotograf J\u00fcrgen Sauer aus M\u00fcnchen.","breadcrumb":{"@id":"https:\/\/fotograf-sauer.de\/sansibar\/#breadcrumb"},"inLanguage":"en-GB","potentialAction":[{"@type":"ReadAction","target":["https:\/\/fotograf-sauer.de\/sansibar\/"]}]},{"@type":"ImageObject","inLanguage":"en-GB","@id":"https:\/\/fotograf-sauer.de\/sansibar\/#primaryimage","url":"https:\/\/fotograf-sauer.de\/wp-content\/uploads\/2025\/08\/13-fotograf-juergen-sauer-snapshots-sansibar.jpg","contentUrl":"https:\/\/fotograf-sauer.de\/wp-content\/uploads\/2025\/08\/13-fotograf-juergen-sauer-snapshots-sansibar.jpg","width":600,"height":600,"caption":"Algenb\u00e4uerinnen 'Wakulima wa Mwani' in Swahili bei der Ernte, aus der Serie Sansibars von Fotograf J\u00fcrgen Sauer"},{"@type":"BreadcrumbList","@id":"https:\/\/fotograf-sauer.de\/sansibar\/#breadcrumb","itemListElement":[{"@type":"ListItem","position":1,"name":"Startseite","item":"https:\/\/fotograf-sauer.de\/"},{"@type":"ListItem","position":2,"name":"Sansibar"}]},{"@type":"WebSite","@id":"https:\/\/fotograf-sauer.de\/#website","url":"https:\/\/fotograf-sauer.de\/","name":"Fotograf J\u00fcrgen Sauer","description":"","publisher":{"@id":"https:\/\/fotograf-sauer.de\/#\/schema\/person\/a602ee01fb827d95fa97f0fb8cbc11fc"},"potentialAction":[{"@type":"SearchAction","target":{"@type":"EntryPoint","urlTemplate":"https:\/\/fotograf-sauer.de\/?s={search_term_string}"},"query-input":{"@type":"PropertyValueSpecification","valueRequired":true,"valueName":"search_term_string"}}],"inLanguage":"en-GB"},{"@type":["Person","Organization"],"@id":"https:\/\/fotograf-sauer.de\/#\/schema\/person\/a602ee01fb827d95fa97f0fb8cbc11fc","name":"AdminJuergen","image":{"@type":"ImageObject","inLanguage":"en-GB","@id":"https:\/\/fotograf-sauer.de\/wp-content\/uploads\/2025\/08\/Fotograf-Juergen-Sauer.png","url":"https:\/\/fotograf-sauer.de\/wp-content\/uploads\/2025\/08\/Fotograf-Juergen-Sauer.png","contentUrl":"https:\/\/fotograf-sauer.de\/wp-content\/uploads\/2025\/08\/Fotograf-Juergen-Sauer.png","width":300,"height":300,"caption":"AdminJuergen"},"logo":{"@id":"https:\/\/fotograf-sauer.de\/wp-content\/uploads\/2025\/08\/Fotograf-Juergen-Sauer.png"}}]}},"_links":{"self":[{"href":"https:\/\/fotograf-sauer.de\/en\/wp-json\/wp\/v2\/pages\/7617","targetHints":{"allow":["GET"]}}],"collection":[{"href":"https:\/\/fotograf-sauer.de\/en\/wp-json\/wp\/v2\/pages"}],"about":[{"href":"https:\/\/fotograf-sauer.de\/en\/wp-json\/wp\/v2\/types\/page"}],"author":[{"embeddable":true,"href":"https:\/\/fotograf-sauer.de\/en\/wp-json\/wp\/v2\/users\/2"}],"replies":[{"embeddable":true,"href":"https:\/\/fotograf-sauer.de\/en\/wp-json\/wp\/v2\/comments?post=7617"}],"version-history":[{"count":61,"href":"https:\/\/fotograf-sauer.de\/en\/wp-json\/wp\/v2\/pages\/7617\/revisions"}],"predecessor-version":[{"id":7706,"href":"https:\/\/fotograf-sauer.de\/en\/wp-json\/wp\/v2\/pages\/7617\/revisions\/7706"}],"wp:featuredmedia":[{"embeddable":true,"href":"https:\/\/fotograf-sauer.de\/en\/wp-json\/wp\/v2\/media\/3920"}],"wp:attachment":[{"href":"https:\/\/fotograf-sauer.de\/en\/wp-json\/wp\/v2\/media?parent=7617"}],"curies":[{"name":"wp","href":"https:\/\/api.w.org\/{rel}","templated":true}]}}