{"id":845,"date":"2025-07-11T10:00:20","date_gmt":"2025-07-11T10:00:20","guid":{"rendered":"https:\/\/fotograf-sauer.de\/?page_id=845"},"modified":"2026-04-01T17:56:32","modified_gmt":"2026-04-01T17:56:32","slug":"about","status":"publish","type":"page","link":"https:\/\/fotograf-sauer.de\/en\/about\/","title":{"rendered":"About"},"content":{"rendered":"<div data-elementor-type=\"wp-page\" data-elementor-id=\"845\" class=\"elementor elementor-845\" data-elementor-post-type=\"page\">\n\t\t\t\t<div class=\"elementor-element elementor-element-31aef00 e-con-full e-flex e-con e-parent\" data-id=\"31aef00\" data-element_type=\"container\">\n\t\t<div class=\"elementor-element elementor-element-26f3078 e-con-full e-flex e-con e-child\" data-id=\"26f3078\" data-element_type=\"container\">\n\t\t<div class=\"elementor-element elementor-element-34b2e36 e-con-full e-flex e-con e-child\" data-id=\"34b2e36\" data-element_type=\"container\">\n\t\t\t\t<div class=\"elementor-element elementor-element-211faaf elementor-widget elementor-widget-image\" data-id=\"211faaf\" data-element_type=\"widget\" data-widget_type=\"image.default\">\n\t\t\t\t\t\t\t\t\t\t\t\t\t\t\t<img fetchpriority=\"high\" decoding=\"async\" width=\"945\" height=\"1181\" src=\"https:\/\/fotograf-sauer.de\/wp-content\/uploads\/2025\/07\/about-deutsch-ghanaische-schule-kumasi.jpg\" class=\"attachment-full size-full wp-image-846\" alt=\"\" srcset=\"https:\/\/fotograf-sauer.de\/wp-content\/uploads\/2025\/07\/about-deutsch-ghanaische-schule-kumasi.jpg 945w, https:\/\/fotograf-sauer.de\/wp-content\/uploads\/2025\/07\/about-deutsch-ghanaische-schule-kumasi-240x300.jpg 240w, https:\/\/fotograf-sauer.de\/wp-content\/uploads\/2025\/07\/about-deutsch-ghanaische-schule-kumasi-819x1024.jpg 819w, https:\/\/fotograf-sauer.de\/wp-content\/uploads\/2025\/07\/about-deutsch-ghanaische-schule-kumasi-768x960.jpg 768w, https:\/\/fotograf-sauer.de\/wp-content\/uploads\/2025\/07\/about-deutsch-ghanaische-schule-kumasi-10x12.jpg 10w\" sizes=\"(max-width: 945px) 100vw, 945px\" \/>\t\t\t\t\t\t\t\t\t\t\t\t\t\t\t<\/div>\n\t\t\t\t<\/div>\n\t\t\t\t<\/div>\n\t\t<div class=\"elementor-element elementor-element-be29b7c e-con-full e-flex e-con e-child\" data-id=\"be29b7c\" data-element_type=\"container\">\n\t\t<div class=\"elementor-element elementor-element-45b2b6a e-con-full e-flex e-con e-child\" data-id=\"45b2b6a\" data-element_type=\"container\">\n\t\t\t\t<div class=\"elementor-element elementor-element-be92baf elementor-widget elementor-widget-text-editor\" data-id=\"be92baf\" data-element_type=\"widget\" data-widget_type=\"text-editor.default\">\n\t\t\t\t\t\t\t\t\t<p>Born and raised in Cologne, I moved to Munich by the Isar in 1984. Since then, I have been fortunate enough to have both a homeland and a home at the same time. <br \/>The sight of the Cologne cathedral still makes my heart race every time, and I love the banks of the Isar right outside my front door just as much.<\/p><p>In 1986, I left everything behind in Germany and spent half a year backpacking through Africa \u2013 one of the most formative periods of my life.<br \/>Alongside a deep love for this continent, coupled with the realisation of what an island of the blessed we live on here, I also became aware on this journey that I would only be happy in a job that truly fulfill me. So I decided to turn my passion for photography into my profession.<\/p><p>After internships in a photography studio, a black-and-white specialist laboratory and various short-term jobs, I started working as a freelancer in 1992, mainly for daily newspapers and in the corporate sector.<\/p><p>At the heart of my own work have always been people \u2013 their interactions, their emotions \u2013 always photographed from within the midst of events; the detached view from outside has never been my perspective. <br \/>During my most recent reportages, I spent a great deal of time on location and soon became part of the communities there. In this way of photography when close to people I truly come alive.<\/p><p>Very few of the works shown here have contributed to my income, but they are an expression of what is personally meaningful to me.<br \/><br \/><\/p><p>'What kind of person are you, actually?' he asked.<br \/>'I am a clown,' I said,<br \/>'and I collect moments.'<br \/>Heinrich B\u00f6ll | The Clown<\/p>\t\t\t\t\t\t\t\t<\/div>\n\t\t\t\t<\/div>\n\t\t\t\t<\/div>\n\t\t\t\t<\/div>\n\t\t\t\t<\/div>","protected":false},"excerpt":{"rendered":"<p>Geboren und aufgewachsen in K\u00f6ln, zog es mich 1984 an die Isar nach M\u00fcnchen. Seitdem bin ich in der gl\u00fccklichen Lage, zur gleichen Zeit eine Heimat und ein Zuhause zu haben. Der Anblick des K\u00f6lner Doms sorgt noch immer jedes Mal aufs Neue f\u00fcr Herzklopfen und genauso liebe ich das Isarufer vor meiner Haust\u00fcr. 1986 [&hellip;]<\/p>\n","protected":false},"author":1,"featured_media":3922,"parent":0,"menu_order":0,"comment_status":"closed","ping_status":"closed","template":"","meta":{"footnotes":""},"class_list":["post-845","page","type-page","status-publish","has-post-thumbnail","hentry"],"yoast_head":"<!-- This site is optimized with the Yoast SEO plugin v27.3 - https:\/\/yoast.com\/product\/yoast-seo-wordpress\/ -->\n<title>About - Fotograf J\u00fcrgen Sauer<\/title>\n<meta name=\"description\" content=\"Fotoreportagen von J\u00fcrgen Sauer aus M\u00fcnchen. Werdegang und Pers\u00f6nliches des Menschen hinter der Kamera...\" \/>\n<meta name=\"robots\" content=\"index, follow, max-snippet:-1, max-image-preview:large, max-video-preview:-1\" \/>\n<link rel=\"canonical\" href=\"https:\/\/fotograf-sauer.de\/en\/about\/\" \/>\n<meta property=\"og:locale\" content=\"en_GB\" \/>\n<meta property=\"og:type\" content=\"article\" \/>\n<meta property=\"og:title\" content=\"About - Fotograf J\u00fcrgen Sauer\" \/>\n<meta property=\"og:description\" content=\"Fotoreportagen von J\u00fcrgen Sauer aus M\u00fcnchen. Werdegang und Pers\u00f6nliches des Menschen hinter der Kamera...\" \/>\n<meta property=\"og:url\" content=\"https:\/\/fotograf-sauer.de\/en\/about\/\" \/>\n<meta property=\"og:site_name\" content=\"Fotograf J\u00fcrgen Sauer\" \/>\n<meta property=\"article:modified_time\" content=\"2026-04-01T17:56:32+00:00\" \/>\n<meta property=\"og:image\" content=\"https:\/\/fotograf-sauer.de\/wp-content\/uploads\/2025\/08\/15-fotograf-juergen-sauer-about-deutsch-ghanaische-achule.jpg\" \/>\n\t<meta property=\"og:image:width\" content=\"600\" \/>\n\t<meta property=\"og:image:height\" content=\"600\" \/>\n\t<meta property=\"og:image:type\" content=\"image\/jpeg\" \/>\n<meta name=\"twitter:card\" content=\"summary_large_image\" \/>\n<meta name=\"twitter:label1\" content=\"Estimated reading time\" \/>\n\t<meta name=\"twitter:data1\" content=\"2 minutes\" \/>\n<script type=\"application\/ld+json\" class=\"yoast-schema-graph\">{\"@context\":\"https:\\\/\\\/schema.org\",\"@graph\":[{\"@type\":\"WebPage\",\"@id\":\"https:\\\/\\\/fotograf-sauer.de\\\/about\\\/\",\"url\":\"https:\\\/\\\/fotograf-sauer.de\\\/about\\\/\",\"name\":\"About - Fotograf J\u00fcrgen Sauer\",\"isPartOf\":{\"@id\":\"https:\\\/\\\/fotograf-sauer.de\\\/#website\"},\"primaryImageOfPage\":{\"@id\":\"https:\\\/\\\/fotograf-sauer.de\\\/about\\\/#primaryimage\"},\"image\":{\"@id\":\"https:\\\/\\\/fotograf-sauer.de\\\/about\\\/#primaryimage\"},\"thumbnailUrl\":\"https:\\\/\\\/fotograf-sauer.de\\\/wp-content\\\/uploads\\\/2025\\\/08\\\/15-fotograf-juergen-sauer-about-deutsch-ghanaische-achule.jpg\",\"datePublished\":\"2025-07-11T10:00:20+00:00\",\"dateModified\":\"2026-04-01T17:56:32+00:00\",\"description\":\"Fotoreportagen von J\u00fcrgen Sauer aus M\u00fcnchen. Werdegang und Pers\u00f6nliches des Menschen hinter der Kamera...\",\"breadcrumb\":{\"@id\":\"https:\\\/\\\/fotograf-sauer.de\\\/about\\\/#breadcrumb\"},\"inLanguage\":\"en-GB\",\"potentialAction\":[{\"@type\":\"ReadAction\",\"target\":[\"https:\\\/\\\/fotograf-sauer.de\\\/about\\\/\"]}]},{\"@type\":\"ImageObject\",\"inLanguage\":\"en-GB\",\"@id\":\"https:\\\/\\\/fotograf-sauer.de\\\/about\\\/#primaryimage\",\"url\":\"https:\\\/\\\/fotograf-sauer.de\\\/wp-content\\\/uploads\\\/2025\\\/08\\\/15-fotograf-juergen-sauer-about-deutsch-ghanaische-achule.jpg\",\"contentUrl\":\"https:\\\/\\\/fotograf-sauer.de\\\/wp-content\\\/uploads\\\/2025\\\/08\\\/15-fotograf-juergen-sauer-about-deutsch-ghanaische-achule.jpg\",\"width\":600,\"height\":600,\"caption\":\"Deutsch Ghanaische Schule in Kumasi, Ghana. Ein Abschieds-Selfie f\u00fcr das About mit Vorschulklasse von Fotograf J\u00fcrgen Sauer\"},{\"@type\":\"BreadcrumbList\",\"@id\":\"https:\\\/\\\/fotograf-sauer.de\\\/about\\\/#breadcrumb\",\"itemListElement\":[{\"@type\":\"ListItem\",\"position\":1,\"name\":\"Startseite\",\"item\":\"https:\\\/\\\/fotograf-sauer.de\\\/\"},{\"@type\":\"ListItem\",\"position\":2,\"name\":\"About\"}]},{\"@type\":\"WebSite\",\"@id\":\"https:\\\/\\\/fotograf-sauer.de\\\/#website\",\"url\":\"https:\\\/\\\/fotograf-sauer.de\\\/\",\"name\":\"Fotograf J\u00fcrgen Sauer\",\"description\":\"\",\"publisher\":{\"@id\":\"https:\\\/\\\/fotograf-sauer.de\\\/#\\\/schema\\\/person\\\/a602ee01fb827d95fa97f0fb8cbc11fc\"},\"potentialAction\":[{\"@type\":\"SearchAction\",\"target\":{\"@type\":\"EntryPoint\",\"urlTemplate\":\"https:\\\/\\\/fotograf-sauer.de\\\/?s={search_term_string}\"},\"query-input\":{\"@type\":\"PropertyValueSpecification\",\"valueRequired\":true,\"valueName\":\"search_term_string\"}}],\"inLanguage\":\"en-GB\"},{\"@type\":[\"Person\",\"Organization\"],\"@id\":\"https:\\\/\\\/fotograf-sauer.de\\\/#\\\/schema\\\/person\\\/a602ee01fb827d95fa97f0fb8cbc11fc\",\"name\":\"AdminJuergen\",\"image\":{\"@type\":\"ImageObject\",\"inLanguage\":\"en-GB\",\"@id\":\"https:\\\/\\\/fotograf-sauer.de\\\/wp-content\\\/uploads\\\/2025\\\/08\\\/Fotograf-Juergen-Sauer.png\",\"url\":\"https:\\\/\\\/fotograf-sauer.de\\\/wp-content\\\/uploads\\\/2025\\\/08\\\/Fotograf-Juergen-Sauer.png\",\"contentUrl\":\"https:\\\/\\\/fotograf-sauer.de\\\/wp-content\\\/uploads\\\/2025\\\/08\\\/Fotograf-Juergen-Sauer.png\",\"width\":300,\"height\":300,\"caption\":\"AdminJuergen\"},\"logo\":{\"@id\":\"https:\\\/\\\/fotograf-sauer.de\\\/wp-content\\\/uploads\\\/2025\\\/08\\\/Fotograf-Juergen-Sauer.png\"}}]}<\/script>\n<!-- \/ Yoast SEO plugin. -->","yoast_head_json":{"title":"About - Fotograf J\u00fcrgen Sauer","description":"Fotoreportagen von J\u00fcrgen Sauer aus M\u00fcnchen. Werdegang und Pers\u00f6nliches des Menschen hinter der Kamera...","robots":{"index":"index","follow":"follow","max-snippet":"max-snippet:-1","max-image-preview":"max-image-preview:large","max-video-preview":"max-video-preview:-1"},"canonical":"https:\/\/fotograf-sauer.de\/en\/about\/","og_locale":"en_GB","og_type":"article","og_title":"About - Fotograf J\u00fcrgen Sauer","og_description":"Fotoreportagen von J\u00fcrgen Sauer aus M\u00fcnchen. Werdegang und Pers\u00f6nliches des Menschen hinter der Kamera...","og_url":"https:\/\/fotograf-sauer.de\/en\/about\/","og_site_name":"Fotograf J\u00fcrgen Sauer","article_modified_time":"2026-04-01T17:56:32+00:00","og_image":[{"width":600,"height":600,"url":"https:\/\/fotograf-sauer.de\/wp-content\/uploads\/2025\/08\/15-fotograf-juergen-sauer-about-deutsch-ghanaische-achule.jpg","type":"image\/jpeg"}],"twitter_card":"summary_large_image","twitter_misc":{"Estimated reading time":"2 minutes"},"schema":{"@context":"https:\/\/schema.org","@graph":[{"@type":"WebPage","@id":"https:\/\/fotograf-sauer.de\/about\/","url":"https:\/\/fotograf-sauer.de\/about\/","name":"About - Fotograf J\u00fcrgen Sauer","isPartOf":{"@id":"https:\/\/fotograf-sauer.de\/#website"},"primaryImageOfPage":{"@id":"https:\/\/fotograf-sauer.de\/about\/#primaryimage"},"image":{"@id":"https:\/\/fotograf-sauer.de\/about\/#primaryimage"},"thumbnailUrl":"https:\/\/fotograf-sauer.de\/wp-content\/uploads\/2025\/08\/15-fotograf-juergen-sauer-about-deutsch-ghanaische-achule.jpg","datePublished":"2025-07-11T10:00:20+00:00","dateModified":"2026-04-01T17:56:32+00:00","description":"Fotoreportagen von J\u00fcrgen Sauer aus M\u00fcnchen. Werdegang und Pers\u00f6nliches des Menschen hinter der Kamera...","breadcrumb":{"@id":"https:\/\/fotograf-sauer.de\/about\/#breadcrumb"},"inLanguage":"en-GB","potentialAction":[{"@type":"ReadAction","target":["https:\/\/fotograf-sauer.de\/about\/"]}]},{"@type":"ImageObject","inLanguage":"en-GB","@id":"https:\/\/fotograf-sauer.de\/about\/#primaryimage","url":"https:\/\/fotograf-sauer.de\/wp-content\/uploads\/2025\/08\/15-fotograf-juergen-sauer-about-deutsch-ghanaische-achule.jpg","contentUrl":"https:\/\/fotograf-sauer.de\/wp-content\/uploads\/2025\/08\/15-fotograf-juergen-sauer-about-deutsch-ghanaische-achule.jpg","width":600,"height":600,"caption":"Deutsch Ghanaische Schule in Kumasi, Ghana. Ein Abschieds-Selfie f\u00fcr das About mit Vorschulklasse von Fotograf J\u00fcrgen Sauer"},{"@type":"BreadcrumbList","@id":"https:\/\/fotograf-sauer.de\/about\/#breadcrumb","itemListElement":[{"@type":"ListItem","position":1,"name":"Startseite","item":"https:\/\/fotograf-sauer.de\/"},{"@type":"ListItem","position":2,"name":"About"}]},{"@type":"WebSite","@id":"https:\/\/fotograf-sauer.de\/#website","url":"https:\/\/fotograf-sauer.de\/","name":"Fotograf J\u00fcrgen Sauer","description":"","publisher":{"@id":"https:\/\/fotograf-sauer.de\/#\/schema\/person\/a602ee01fb827d95fa97f0fb8cbc11fc"},"potentialAction":[{"@type":"SearchAction","target":{"@type":"EntryPoint","urlTemplate":"https:\/\/fotograf-sauer.de\/?s={search_term_string}"},"query-input":{"@type":"PropertyValueSpecification","valueRequired":true,"valueName":"search_term_string"}}],"inLanguage":"en-GB"},{"@type":["Person","Organization"],"@id":"https:\/\/fotograf-sauer.de\/#\/schema\/person\/a602ee01fb827d95fa97f0fb8cbc11fc","name":"AdminJuergen","image":{"@type":"ImageObject","inLanguage":"en-GB","@id":"https:\/\/fotograf-sauer.de\/wp-content\/uploads\/2025\/08\/Fotograf-Juergen-Sauer.png","url":"https:\/\/fotograf-sauer.de\/wp-content\/uploads\/2025\/08\/Fotograf-Juergen-Sauer.png","contentUrl":"https:\/\/fotograf-sauer.de\/wp-content\/uploads\/2025\/08\/Fotograf-Juergen-Sauer.png","width":300,"height":300,"caption":"AdminJuergen"},"logo":{"@id":"https:\/\/fotograf-sauer.de\/wp-content\/uploads\/2025\/08\/Fotograf-Juergen-Sauer.png"}}]}},"_links":{"self":[{"href":"https:\/\/fotograf-sauer.de\/en\/wp-json\/wp\/v2\/pages\/845","targetHints":{"allow":["GET"]}}],"collection":[{"href":"https:\/\/fotograf-sauer.de\/en\/wp-json\/wp\/v2\/pages"}],"about":[{"href":"https:\/\/fotograf-sauer.de\/en\/wp-json\/wp\/v2\/types\/page"}],"author":[{"embeddable":true,"href":"https:\/\/fotograf-sauer.de\/en\/wp-json\/wp\/v2\/users\/1"}],"replies":[{"embeddable":true,"href":"https:\/\/fotograf-sauer.de\/en\/wp-json\/wp\/v2\/comments?post=845"}],"version-history":[{"count":501,"href":"https:\/\/fotograf-sauer.de\/en\/wp-json\/wp\/v2\/pages\/845\/revisions"}],"predecessor-version":[{"id":7572,"href":"https:\/\/fotograf-sauer.de\/en\/wp-json\/wp\/v2\/pages\/845\/revisions\/7572"}],"wp:featuredmedia":[{"embeddable":true,"href":"https:\/\/fotograf-sauer.de\/en\/wp-json\/wp\/v2\/media\/3922"}],"wp:attachment":[{"href":"https:\/\/fotograf-sauer.de\/en\/wp-json\/wp\/v2\/media?parent=845"}],"curies":[{"name":"wp","href":"https:\/\/api.w.org\/{rel}","templated":true}]}}